{"id":985,"date":"2020-12-03T19:54:17","date_gmt":"2020-12-03T19:54:17","guid":{"rendered":"http:\/\/plateafilms.com\/?page_id=985"},"modified":"2021-07-23T22:27:58","modified_gmt":"2021-07-23T22:27:58","slug":"reportajes-y-piezas-documentales","status":"publish","type":"page","link":"https:\/\/plateafilms.com\/ca\/reportajes-y-piezas-documentales\/","title":{"rendered":"Reportajes y piezas documentales"},"content":{"rendered":"<div data-elementor-type=\"wp-page\" data-elementor-id=\"985\" class=\"elementor elementor-985\" data-elementor-settings=\"{&quot;ha_cmc_init_switcher&quot;:&quot;no&quot;}\" data-elementor-post-type=\"page\">\n\t\t\t\t\t\t<section class=\"elementor-section elementor-top-section elementor-element elementor-element-d6d285a elementor-section-boxed elementor-section-height-default elementor-section-height-default\" data-id=\"d6d285a\" data-element_type=\"section\" data-settings=\"{&quot;background_background&quot;:&quot;classic&quot;,&quot;_ha_eqh_enable&quot;:false}\">\n\t\t\t\t\t\t<div class=\"elementor-container elementor-column-gap-no\">\n\t\t\t\t\t<div class=\"elementor-column elementor-col-100 elementor-top-column elementor-element elementor-element-9a54268\" data-id=\"9a54268\" data-element_type=\"column\">\n\t\t\t<div class=\"elementor-widget-wrap elementor-element-populated\">\n\t\t\t\t\t\t<div class=\"elementor-element elementor-element-2bc902c elementor-widget elementor-widget-heading\" data-id=\"2bc902c\" data-element_type=\"widget\" data-widget_type=\"heading.default\">\n\t\t\t\t<div class=\"elementor-widget-container\">\n\t\t\t\t\t<h4 class=\"elementor-heading-title elementor-size-default\">Contenidos informativos y divulgativos<\/h4>\t\t\t\t<\/div>\n\t\t\t\t<\/div>\n\t\t\t\t<div class=\"elementor-element elementor-element-e0e9d2a elementor-widget-divider--view-line elementor-widget elementor-widget-divider\" data-id=\"e0e9d2a\" data-element_type=\"widget\" data-widget_type=\"divider.default\">\n\t\t\t\t<div class=\"elementor-widget-container\">\n\t\t\t\t\t\t\t<div class=\"elementor-divider\">\n\t\t\t<span class=\"elementor-divider-separator\">\n\t\t\t\t\t\t<\/span>\n\t\t<\/div>\n\t\t\t\t\t\t<\/div>\n\t\t\t\t<\/div>\n\t\t\t\t<div class=\"elementor-element elementor-element-538ad73 elementor-widget elementor-widget-text-editor\" data-id=\"538ad73\" data-element_type=\"widget\" data-widget_type=\"text-editor.default\">\n\t\t\t\t<div class=\"elementor-widget-container\">\n\t\t\t\t\t\t\t\t\t<p>&nbsp;Piezas para reforzar la comunicaci\u00f3n.&nbsp;&nbsp;<\/p>\t\t\t\t\t\t\t\t<\/div>\n\t\t\t\t<\/div>\n\t\t\t\t<section class=\"elementor-section elementor-inner-section elementor-element elementor-element-6aa207b elementor-section-boxed elementor-section-height-default elementor-section-height-default\" data-id=\"6aa207b\" data-element_type=\"section\" data-settings=\"{&quot;_ha_eqh_enable&quot;:false}\">\n\t\t\t\t\t\t<div class=\"elementor-container elementor-column-gap-default\">\n\t\t\t\t\t<div class=\"elementor-column elementor-col-100 elementor-inner-column elementor-element elementor-element-7f1af68\" data-id=\"7f1af68\" data-element_type=\"column\">\n\t\t\t<div class=\"elementor-widget-wrap elementor-element-populated\">\n\t\t\t\t\t\t<div class=\"elementor-element elementor-element-8a67fb3 elementor-position-left elementor-view-default elementor-mobile-position-top elementor-vertical-align-top elementor-invisible elementor-widget elementor-widget-icon-box\" data-id=\"8a67fb3\" data-element_type=\"widget\" data-settings=\"{&quot;_animation&quot;:&quot;fadeIn&quot;}\" data-widget_type=\"icon-box.default\">\n\t\t\t\t<div class=\"elementor-widget-container\">\n\t\t\t\t\t\t\t<div class=\"elementor-icon-box-wrapper\">\n\n\t\t\t\t\t\t<div class=\"elementor-icon-box-icon\">\n\t\t\t\t<span  class=\"elementor-icon elementor-animation-grow\">\n\t\t\t\t<i aria-hidden=\"true\" class=\"fas fa-exchange-alt\"><\/i>\t\t\t\t<\/span>\n\t\t\t<\/div>\n\t\t\t\n\t\t\t\t\t\t<div class=\"elementor-icon-box-content\">\n\n\t\t\t\t\t\t\t\t\t<h3 class=\"elementor-icon-box-title\">\n\t\t\t\t\t\t<span  >\n\t\t\t\t\t\t\tEntrevistas y piezas documentales  \t\t\t\t\t\t<\/span>\n\t\t\t\t\t<\/h3>\n\t\t\t\t\n\t\t\t\t\t\t\t\t\t<p class=\"elementor-icon-box-description\">\n\t\t\t\t\t\tProducci\u00f3n de contenidos audiovisuales destinados al refuerzo de la comunicaci\u00f3n de empresas y entidades. Estas piezas est\u00e1n orientadas a la dinamizaci\u00f3n de las plataformas audiovisuales, impulsando los contenidos a trav\u00e9s del trabajo los aspectos est\u00e9ticos y formales, cuya cohesi\u00f3n propiciar\u00e1 una mayor fidelizaci\u00f3n y un consumo m\u00e1s \u00e1gil. \t\t\t\t\t<\/p>\n\t\t\t\t\n\t\t\t<\/div>\n\t\t\t\n\t\t<\/div>\n\t\t\t\t\t\t<\/div>\n\t\t\t\t<\/div>\n\t\t\t\t\t<\/div>\n\t\t<\/div>\n\t\t\t\t\t<\/div>\n\t\t<\/section>\n\t\t\t\t<section class=\"elementor-section elementor-inner-section elementor-element elementor-element-0fb6b9f elementor-section-boxed elementor-section-height-default elementor-section-height-default\" data-id=\"0fb6b9f\" data-element_type=\"section\" data-settings=\"{&quot;_ha_eqh_enable&quot;:false}\">\n\t\t\t\t\t\t<div class=\"elementor-container elementor-column-gap-default\">\n\t\t\t\t\t<div class=\"elementor-column elementor-col-100 elementor-inner-column elementor-element elementor-element-2e68115\" data-id=\"2e68115\" data-element_type=\"column\">\n\t\t\t<div class=\"elementor-widget-wrap elementor-element-populated\">\n\t\t\t\t\t\t<div class=\"elementor-element elementor-element-05e7b44 elementor-position-left elementor-view-default elementor-mobile-position-top elementor-vertical-align-top elementor-invisible elementor-widget elementor-widget-icon-box\" data-id=\"05e7b44\" data-element_type=\"widget\" data-settings=\"{&quot;_animation&quot;:&quot;fadeIn&quot;}\" data-widget_type=\"icon-box.default\">\n\t\t\t\t<div class=\"elementor-widget-container\">\n\t\t\t\t\t\t\t<div class=\"elementor-icon-box-wrapper\">\n\n\t\t\t\t\t\t<div class=\"elementor-icon-box-icon\">\n\t\t\t\t<span  class=\"elementor-icon elementor-animation-grow\">\n\t\t\t\t<i aria-hidden=\"true\" class=\"fas fa-chalkboard-teacher\"><\/i>\t\t\t\t<\/span>\n\t\t\t<\/div>\n\t\t\t\n\t\t\t\t\t\t<div class=\"elementor-icon-box-content\">\n\n\t\t\t\t\t\t\t\t\t<h3 class=\"elementor-icon-box-title\">\n\t\t\t\t\t\t<span  >\n\t\t\t\t\t\t\tContenido divulgativo y educativo   \t\t\t\t\t\t<\/span>\n\t\t\t\t\t<\/h3>\n\t\t\t\t\n\t\t\t\t\t\t\t\t\t<p class=\"elementor-icon-box-description\">\n\t\t\t\t\t\tLas piezas audiovisuales constituyen una plataforma ideal para la funci\u00f3n educativa y divulgativa; por su atractivo visual, que favorece un consumo ameno y fluido, y por el tratamiento realizado a trav\u00e9s de la edici\u00f3n, el qual dosifica y organiza los mensajes de un modo \u00f3ptimo. \t\t\t\t\t<\/p>\n\t\t\t\t\n\t\t\t<\/div>\n\t\t\t\n\t\t<\/div>\n\t\t\t\t\t\t<\/div>\n\t\t\t\t<\/div>\n\t\t\t\t<div class=\"elementor-element elementor-element-43ef478 elementor-widget elementor-widget-spacer\" data-id=\"43ef478\" data-element_type=\"widget\" data-widget_type=\"spacer.default\">\n\t\t\t\t<div class=\"elementor-widget-container\">\n\t\t\t\t\t\t\t<div class=\"elementor-spacer\">\n\t\t\t<div class=\"elementor-spacer-inner\"><\/div>\n\t\t<\/div>\n\t\t\t\t\t\t<\/div>\n\t\t\t\t<\/div>\n\t\t\t\t\t<\/div>\n\t\t<\/div>\n\t\t\t\t\t<\/div>\n\t\t<\/section>\n\t\t\t\t\t<\/div>\n\t\t<\/div>\n\t\t\t\t\t<\/div>\n\t\t<\/section>\n\t\t\t\t<section class=\"elementor-section elementor-top-section elementor-element elementor-element-b21cb06 elementor-section-boxed elementor-section-height-default elementor-section-height-default\" data-id=\"b21cb06\" data-element_type=\"section\" data-settings=\"{&quot;_ha_eqh_enable&quot;:false}\">\n\t\t\t\t\t\t<div class=\"elementor-container elementor-column-gap-default\">\n\t\t\t\t\t<div class=\"elementor-column elementor-col-100 elementor-top-column elementor-element elementor-element-1b4a164\" data-id=\"1b4a164\" data-element_type=\"column\">\n\t\t\t<div class=\"elementor-widget-wrap\">\n\t\t\t\t\t\t\t<\/div>\n\t\t<\/div>\n\t\t\t\t\t<\/div>\n\t\t<\/section>\n\t\t\t\t<section class=\"elementor-section elementor-top-section elementor-element elementor-element-3bb793a elementor-section-content-middle elementor-section-boxed elementor-section-height-default elementor-section-height-default\" data-id=\"3bb793a\" data-element_type=\"section\" data-settings=\"{&quot;background_background&quot;:&quot;classic&quot;,&quot;animation&quot;:&quot;none&quot;,&quot;_ha_eqh_enable&quot;:false}\">\n\t\t\t\t\t\t<div class=\"elementor-container elementor-column-gap-no\">\n\t\t\t\t\t<div class=\"elementor-column elementor-col-33 elementor-top-column elementor-element elementor-element-8ba2b28 elementor-invisible\" data-id=\"8ba2b28\" data-element_type=\"column\" data-settings=\"{&quot;animation&quot;:&quot;fadeInLeft&quot;}\">\n\t\t\t<div class=\"elementor-widget-wrap elementor-element-populated\">\n\t\t\t\t\t\t<div class=\"elementor-element elementor-element-6d32d9b elementor-widget elementor-widget-heading\" data-id=\"6d32d9b\" data-element_type=\"widget\" data-widget_type=\"heading.default\">\n\t\t\t\t<div class=\"elementor-widget-container\">\n\t\t\t\t\t<h6 class=\"elementor-heading-title elementor-size-default\"><div style=\"text-align: left\"><span style=\"font-style: inherit;font-weight: 300\"><font face=\"Roboto, sans-serif\">Grabaci\u00f3n y tratamiento de entrevista<\/font><\/span><\/div><\/h6>\t\t\t\t<\/div>\n\t\t\t\t<\/div>\n\t\t\t\t<div class=\"elementor-element elementor-element-17dfe7e elementor-widget elementor-widget-text-editor\" data-id=\"17dfe7e\" data-element_type=\"widget\" data-widget_type=\"text-editor.default\">\n\t\t\t\t<div class=\"elementor-widget-container\">\n\t\t\t\t\t\t\t\t\t<p>Planificaci\u00f3n, cobertura y edici\u00f3n para pieza de entrevista.\u00a0\u00a0<\/p>\t\t\t\t\t\t\t\t<\/div>\n\t\t\t\t<\/div>\n\t\t\t\t\t<\/div>\n\t\t<\/div>\n\t\t\t\t<div class=\"elementor-column elementor-col-33 elementor-top-column elementor-element elementor-element-7f0f6a0 elementor-invisible\" data-id=\"7f0f6a0\" data-element_type=\"column\" data-settings=\"{&quot;animation&quot;:&quot;fadeInRight&quot;}\">\n\t\t\t<div class=\"elementor-widget-wrap elementor-element-populated\">\n\t\t\t\t\t\t<div class=\"elementor-element elementor-element-8c9f65c elementor-widget elementor-widget-heading\" data-id=\"8c9f65c\" data-element_type=\"widget\" data-widget_type=\"heading.default\">\n\t\t\t\t<div class=\"elementor-widget-container\">\n\t\t\t\t\t<h6 class=\"elementor-heading-title elementor-size-default\"><div style=\"text-align: left\"><font face=\"Roboto, sans-serif\"><span style=\"font-weight: 300\">Contenido adicional para entrevista<\/span><\/font><\/div><\/h6>\t\t\t\t<\/div>\n\t\t\t\t<\/div>\n\t\t\t\t<div class=\"elementor-element elementor-element-aeaf7b6 elementor-widget elementor-widget-text-editor\" data-id=\"aeaf7b6\" data-element_type=\"widget\" data-widget_type=\"text-editor.default\">\n\t\t\t\t<div class=\"elementor-widget-container\">\n\t\t\t\t\t\t\t\t\t<p>Contenido audiovisual de recurso para reforzar y dinamizar un contenido.\u00a0\u00a0<\/p>\t\t\t\t\t\t\t\t<\/div>\n\t\t\t\t<\/div>\n\t\t\t\t\t<\/div>\n\t\t<\/div>\n\t\t\t\t<div class=\"elementor-column elementor-col-33 elementor-top-column elementor-element elementor-element-833d496\" data-id=\"833d496\" data-element_type=\"column\">\n\t\t\t<div class=\"elementor-widget-wrap\">\n\t\t\t\t\t\t\t<\/div>\n\t\t<\/div>\n\t\t\t\t\t<\/div>\n\t\t<\/section>\n\t\t\t\t<section class=\"elementor-section elementor-top-section elementor-element elementor-element-6e7d1ad elementor-section-content-middle elementor-section-boxed elementor-section-height-default elementor-section-height-default\" data-id=\"6e7d1ad\" data-element_type=\"section\" data-settings=\"{&quot;background_background&quot;:&quot;classic&quot;,&quot;animation&quot;:&quot;none&quot;,&quot;_ha_eqh_enable&quot;:false}\">\n\t\t\t\t\t\t<div class=\"elementor-container elementor-column-gap-no\">\n\t\t\t\t\t<div class=\"elementor-column elementor-col-33 elementor-top-column elementor-element elementor-element-c2a6be5 elementor-invisible\" data-id=\"c2a6be5\" data-element_type=\"column\" data-settings=\"{&quot;animation&quot;:&quot;fadeInLeft&quot;}\">\n\t\t\t<div class=\"elementor-widget-wrap elementor-element-populated\">\n\t\t\t\t\t\t<div class=\"elementor-element elementor-element-3fd5132 elementor-widget elementor-widget-heading\" data-id=\"3fd5132\" data-element_type=\"widget\" data-widget_type=\"heading.default\">\n\t\t\t\t<div class=\"elementor-widget-container\">\n\t\t\t\t\t<h6 class=\"elementor-heading-title elementor-size-default\"><div style=\"text-align: left\"><font face=\"Roboto, sans-serif\"><span style=\"font-weight: 300\">Pieza documental&nbsp;<\/span><\/font><\/div><\/h6>\t\t\t\t<\/div>\n\t\t\t\t<\/div>\n\t\t\t\t<div class=\"elementor-element elementor-element-949bb6d elementor-widget elementor-widget-text-editor\" data-id=\"949bb6d\" data-element_type=\"widget\" data-widget_type=\"text-editor.default\">\n\t\t\t\t<div class=\"elementor-widget-container\">\n\t\t\t\t\t\t\t\t\t<p>Pieza narrativa compuesta a trav\u00e9s de la combinaci\u00f3n de m\u00faltiples entrevistas, contenidos de recurso y locuciones en off.\u00a0\u00a0<\/p>\t\t\t\t\t\t\t\t<\/div>\n\t\t\t\t<\/div>\n\t\t\t\t\t<\/div>\n\t\t<\/div>\n\t\t\t\t<div class=\"elementor-column elementor-col-33 elementor-top-column elementor-element elementor-element-56bd381\" data-id=\"56bd381\" data-element_type=\"column\">\n\t\t\t<div class=\"elementor-widget-wrap\">\n\t\t\t\t\t\t\t<\/div>\n\t\t<\/div>\n\t\t\t\t<div class=\"elementor-column elementor-col-33 elementor-top-column elementor-element elementor-element-3dc10af\" data-id=\"3dc10af\" data-element_type=\"column\">\n\t\t\t<div class=\"elementor-widget-wrap\">\n\t\t\t\t\t\t\t<\/div>\n\t\t<\/div>\n\t\t\t\t\t<\/div>\n\t\t<\/section>\n\t\t\t\t<section class=\"elementor-section elementor-top-section elementor-element elementor-element-e285afd elementor-section-content-middle elementor-section-boxed elementor-section-height-default elementor-section-height-default\" data-id=\"e285afd\" data-element_type=\"section\" data-settings=\"{&quot;background_background&quot;:&quot;classic&quot;,&quot;animation&quot;:&quot;none&quot;,&quot;_ha_eqh_enable&quot;:false}\">\n\t\t\t\t\t\t<div class=\"elementor-container elementor-column-gap-no\">\n\t\t\t\t\t<div class=\"elementor-column elementor-col-33 elementor-top-column elementor-element elementor-element-6decb21 elementor-invisible\" data-id=\"6decb21\" data-element_type=\"column\" data-settings=\"{&quot;animation&quot;:&quot;fadeInUp&quot;}\">\n\t\t\t<div class=\"elementor-widget-wrap elementor-element-populated\">\n\t\t\t\t\t\t<div class=\"elementor-element elementor-element-067f2b1 elementor-widget elementor-widget-heading\" data-id=\"067f2b1\" data-element_type=\"widget\" data-widget_type=\"heading.default\">\n\t\t\t\t<div class=\"elementor-widget-container\">\n\t\t\t\t\t<h6 class=\"elementor-heading-title elementor-size-default\"><div style=\"text-align: left\"><span style=\"font-style: inherit;font-weight: 300\"><font face=\"Roboto, sans-serif\">Subtitulaci\u00f3n<\/font><\/span><span style=\"font-style: inherit;font-weight: var( --e-global-typography-primary-font-weight )\"><\/span><\/div><\/h6>\t\t\t\t<\/div>\n\t\t\t\t<\/div>\n\t\t\t\t<div class=\"elementor-element elementor-element-2822f08 elementor-widget elementor-widget-text-editor\" data-id=\"2822f08\" data-element_type=\"widget\" data-widget_type=\"text-editor.default\">\n\t\t\t\t<div class=\"elementor-widget-container\">\n\t\t\t\t\t\t\t\t\t<p>Servicio de subtitulaci\u00f3n integral.<\/p>\t\t\t\t\t\t\t\t<\/div>\n\t\t\t\t<\/div>\n\t\t\t\t\t<\/div>\n\t\t<\/div>\n\t\t\t\t<div class=\"elementor-column elementor-col-33 elementor-top-column elementor-element elementor-element-d02c93f\" data-id=\"d02c93f\" data-element_type=\"column\">\n\t\t\t<div class=\"elementor-widget-wrap\">\n\t\t\t\t\t\t\t<\/div>\n\t\t<\/div>\n\t\t\t\t<div class=\"elementor-column elementor-col-33 elementor-top-column elementor-element elementor-element-f59b9c1\" data-id=\"f59b9c1\" data-element_type=\"column\">\n\t\t\t<div class=\"elementor-widget-wrap\">\n\t\t\t\t\t\t\t<\/div>\n\t\t<\/div>\n\t\t\t\t\t<\/div>\n\t\t<\/section>\n\t\t\t\t<\/div>","protected":false},"excerpt":{"rendered":"<p>Contenidos informativos y divulgativos &nbsp;Piezas para reforzar la comunicaci\u00f3n.&nbsp;&nbsp; Entrevistas y piezas documentales Producci\u00f3n de contenidos audiovisuales destinados al refuerzo de la comunicaci\u00f3n de empresas y entidades. Estas piezas est\u00e1n orientadas a la dinamizaci\u00f3n de las plataformas audiovisuales, impulsando los contenidos a trav\u00e9s del trabajo los aspectos est\u00e9ticos y formales, cuya cohesi\u00f3n propiciar\u00e1 una mayor &#8230; <a title=\"Reportajes y piezas documentales\" class=\"read-more\" href=\"https:\/\/plateafilms.com\/ca\/reportajes-y-piezas-documentales\/\" aria-label=\"M\u00e9s sobre Reportajes y piezas documentales\">Llegiu m\u00e9s<\/a><\/p>","protected":false},"author":1,"featured_media":0,"parent":0,"menu_order":0,"comment_status":"closed","ping_status":"closed","template":"elementor_header_footer","meta":{"footnotes":""},"categories":[],"class_list":["post-985","page","type-page","status-publish"],"yoast_head":"<!-- This site is optimized with the Yoast SEO plugin v25.3 - https:\/\/yoast.com\/wordpress\/plugins\/seo\/ -->\n<title>Reportajes y piezas documentales - Platea Films<\/title>\n<meta name=\"robots\" content=\"index, follow, max-snippet:-1, max-image-preview:large, max-video-preview:-1\" \/>\n<link rel=\"canonical\" href=\"https:\/\/plateafilms.com\/ca\/reportajes-y-piezas-documentales\/\" \/>\n<meta property=\"og:locale\" content=\"ca_ES\" \/>\n<meta property=\"og:type\" content=\"article\" \/>\n<meta property=\"og:title\" content=\"Reportajes y piezas documentales - Platea Films\" \/>\n<meta property=\"og:description\" content=\"Contenidos informativos y divulgativos &nbsp;Piezas para reforzar la comunicaci\u00f3n.&nbsp;&nbsp; Entrevistas y piezas documentales Producci\u00f3n de contenidos audiovisuales destinados al refuerzo de la comunicaci\u00f3n de empresas y entidades. Estas piezas est\u00e1n orientadas a la dinamizaci\u00f3n de las plataformas audiovisuales, impulsando los contenidos a trav\u00e9s del trabajo los aspectos est\u00e9ticos y formales, cuya cohesi\u00f3n propiciar\u00e1 una mayor ... Llegiu m\u00e9s\" \/>\n<meta property=\"og:url\" content=\"https:\/\/plateafilms.com\/ca\/reportajes-y-piezas-documentales\/\" \/>\n<meta property=\"og:site_name\" content=\"Platea Films\" \/>\n<meta property=\"article:modified_time\" content=\"2021-07-23T22:27:58+00:00\" \/>\n<meta name=\"twitter:card\" content=\"summary_large_image\" \/>\n<meta name=\"twitter:label1\" content=\"Temps estimat de lectura\" \/>\n\t<meta name=\"twitter:data1\" content=\"1 minut\" \/>\n<script type=\"application\/ld+json\" class=\"yoast-schema-graph\">{\"@context\":\"https:\/\/schema.org\",\"@graph\":[{\"@type\":\"WebPage\",\"@id\":\"https:\/\/plateafilms.com\/reportajes-y-piezas-documentales\/\",\"url\":\"https:\/\/plateafilms.com\/reportajes-y-piezas-documentales\/\",\"name\":\"Reportajes y piezas documentales - Platea Films\",\"isPartOf\":{\"@id\":\"https:\/\/plateafilms.com\/#website\"},\"datePublished\":\"2020-12-03T19:54:17+00:00\",\"dateModified\":\"2021-07-23T22:27:58+00:00\",\"breadcrumb\":{\"@id\":\"https:\/\/plateafilms.com\/reportajes-y-piezas-documentales\/#breadcrumb\"},\"inLanguage\":\"ca\",\"potentialAction\":[{\"@type\":\"ReadAction\",\"target\":[\"https:\/\/plateafilms.com\/reportajes-y-piezas-documentales\/\"]}]},{\"@type\":\"BreadcrumbList\",\"@id\":\"https:\/\/plateafilms.com\/reportajes-y-piezas-documentales\/#breadcrumb\",\"itemListElement\":[{\"@type\":\"ListItem\",\"position\":1,\"name\":\"Portada\",\"item\":\"https:\/\/plateafilms.com\/\"},{\"@type\":\"ListItem\",\"position\":2,\"name\":\"Reportajes y piezas documentales\"}]},{\"@type\":\"WebSite\",\"@id\":\"https:\/\/plateafilms.com\/#website\",\"url\":\"https:\/\/plateafilms.com\/\",\"name\":\"Platea Films\",\"description\":\"Producci\u00f3n audiovisual en Barcelona\",\"publisher\":{\"@id\":\"https:\/\/plateafilms.com\/#organization\"},\"potentialAction\":[{\"@type\":\"SearchAction\",\"target\":{\"@type\":\"EntryPoint\",\"urlTemplate\":\"https:\/\/plateafilms.com\/?s={search_term_string}\"},\"query-input\":{\"@type\":\"PropertyValueSpecification\",\"valueRequired\":true,\"valueName\":\"search_term_string\"}}],\"inLanguage\":\"ca\"},{\"@type\":\"Organization\",\"@id\":\"https:\/\/plateafilms.com\/#organization\",\"name\":\"Platea Films\",\"url\":\"https:\/\/plateafilms.com\/\",\"logo\":{\"@type\":\"ImageObject\",\"inLanguage\":\"ca\",\"@id\":\"https:\/\/plateafilms.com\/#\/schema\/logo\/image\/\",\"url\":\"https:\/\/plateafilms.com\/wp-content\/uploads\/2021\/07\/cropped-Captura-de-pantalla-2021-07-23-a-las-21.05.27.png\",\"contentUrl\":\"https:\/\/plateafilms.com\/wp-content\/uploads\/2021\/07\/cropped-Captura-de-pantalla-2021-07-23-a-las-21.05.27.png\",\"width\":777,\"height\":130,\"caption\":\"Platea Films\"},\"image\":{\"@id\":\"https:\/\/plateafilms.com\/#\/schema\/logo\/image\/\"}}]}<\/script>\n<!-- \/ Yoast SEO plugin. -->","yoast_head_json":{"title":"Reportajes y piezas documentales - Platea Films","robots":{"index":"index","follow":"follow","max-snippet":"max-snippet:-1","max-image-preview":"max-image-preview:large","max-video-preview":"max-video-preview:-1"},"canonical":"https:\/\/plateafilms.com\/ca\/reportajes-y-piezas-documentales\/","og_locale":"ca_ES","og_type":"article","og_title":"Reportajes y piezas documentales - Platea Films","og_description":"Contenidos informativos y divulgativos &nbsp;Piezas para reforzar la comunicaci\u00f3n.&nbsp;&nbsp; Entrevistas y piezas documentales Producci\u00f3n de contenidos audiovisuales destinados al refuerzo de la comunicaci\u00f3n de empresas y entidades. Estas piezas est\u00e1n orientadas a la dinamizaci\u00f3n de las plataformas audiovisuales, impulsando los contenidos a trav\u00e9s del trabajo los aspectos est\u00e9ticos y formales, cuya cohesi\u00f3n propiciar\u00e1 una mayor ... Llegiu m\u00e9s","og_url":"https:\/\/plateafilms.com\/ca\/reportajes-y-piezas-documentales\/","og_site_name":"Platea Films","article_modified_time":"2021-07-23T22:27:58+00:00","twitter_card":"summary_large_image","twitter_misc":{"Temps estimat de lectura":"1 minut"},"schema":{"@context":"https:\/\/schema.org","@graph":[{"@type":"WebPage","@id":"https:\/\/plateafilms.com\/reportajes-y-piezas-documentales\/","url":"https:\/\/plateafilms.com\/reportajes-y-piezas-documentales\/","name":"Reportajes y piezas documentales - Platea Films","isPartOf":{"@id":"https:\/\/plateafilms.com\/#website"},"datePublished":"2020-12-03T19:54:17+00:00","dateModified":"2021-07-23T22:27:58+00:00","breadcrumb":{"@id":"https:\/\/plateafilms.com\/reportajes-y-piezas-documentales\/#breadcrumb"},"inLanguage":"ca","potentialAction":[{"@type":"ReadAction","target":["https:\/\/plateafilms.com\/reportajes-y-piezas-documentales\/"]}]},{"@type":"BreadcrumbList","@id":"https:\/\/plateafilms.com\/reportajes-y-piezas-documentales\/#breadcrumb","itemListElement":[{"@type":"ListItem","position":1,"name":"Portada","item":"https:\/\/plateafilms.com\/"},{"@type":"ListItem","position":2,"name":"Reportajes y piezas documentales"}]},{"@type":"WebSite","@id":"https:\/\/plateafilms.com\/#website","url":"https:\/\/plateafilms.com\/","name":"Platea Films","description":"Producci\u00f3n audiovisual en Barcelona","publisher":{"@id":"https:\/\/plateafilms.com\/#organization"},"potentialAction":[{"@type":"SearchAction","target":{"@type":"EntryPoint","urlTemplate":"https:\/\/plateafilms.com\/?s={search_term_string}"},"query-input":{"@type":"PropertyValueSpecification","valueRequired":true,"valueName":"search_term_string"}}],"inLanguage":"ca"},{"@type":"Organization","@id":"https:\/\/plateafilms.com\/#organization","name":"Platea Films","url":"https:\/\/plateafilms.com\/","logo":{"@type":"ImageObject","inLanguage":"ca","@id":"https:\/\/plateafilms.com\/#\/schema\/logo\/image\/","url":"https:\/\/plateafilms.com\/wp-content\/uploads\/2021\/07\/cropped-Captura-de-pantalla-2021-07-23-a-las-21.05.27.png","contentUrl":"https:\/\/plateafilms.com\/wp-content\/uploads\/2021\/07\/cropped-Captura-de-pantalla-2021-07-23-a-las-21.05.27.png","width":777,"height":130,"caption":"Platea Films"},"image":{"@id":"https:\/\/plateafilms.com\/#\/schema\/logo\/image\/"}}]}},"_links":{"self":[{"href":"https:\/\/plateafilms.com\/ca\/wp-json\/wp\/v2\/pages\/985","targetHints":{"allow":["GET"]}}],"collection":[{"href":"https:\/\/plateafilms.com\/ca\/wp-json\/wp\/v2\/pages"}],"about":[{"href":"https:\/\/plateafilms.com\/ca\/wp-json\/wp\/v2\/types\/page"}],"author":[{"embeddable":true,"href":"https:\/\/plateafilms.com\/ca\/wp-json\/wp\/v2\/users\/1"}],"replies":[{"embeddable":true,"href":"https:\/\/plateafilms.com\/ca\/wp-json\/wp\/v2\/comments?post=985"}],"version-history":[{"count":58,"href":"https:\/\/plateafilms.com\/ca\/wp-json\/wp\/v2\/pages\/985\/revisions"}],"predecessor-version":[{"id":2908,"href":"https:\/\/plateafilms.com\/ca\/wp-json\/wp\/v2\/pages\/985\/revisions\/2908"}],"wp:attachment":[{"href":"https:\/\/plateafilms.com\/ca\/wp-json\/wp\/v2\/media?parent=985"}],"wp:term":[{"taxonomy":"category","embeddable":true,"href":"https:\/\/plateafilms.com\/ca\/wp-json\/wp\/v2\/categories?post=985"}],"curies":[{"name":"wp","href":"https:\/\/api.w.org\/{rel}","templated":true}]}}