{"id":632,"date":"2020-12-02T12:51:48","date_gmt":"2020-12-02T12:51:48","guid":{"rendered":"http:\/\/plateafilms.com\/?page_id=632"},"modified":"2022-09-30T14:20:16","modified_gmt":"2022-09-30T14:20:16","slug":"nuestros-principios","status":"publish","type":"page","link":"https:\/\/plateafilms.com\/ca\/nuestros-principios\/","title":{"rendered":"Nuestros principios"},"content":{"rendered":"<div data-elementor-type=\"wp-page\" data-elementor-id=\"632\" class=\"elementor elementor-632\" data-elementor-settings=\"{&quot;ha_cmc_init_switcher&quot;:&quot;no&quot;}\" data-elementor-post-type=\"page\">\n\t\t\t\t\t\t<section class=\"elementor-section elementor-top-section elementor-element elementor-element-b275c1d elementor-section-boxed elementor-section-height-default elementor-section-height-default\" data-id=\"b275c1d\" data-element_type=\"section\" data-settings=\"{&quot;background_background&quot;:&quot;classic&quot;,&quot;_ha_eqh_enable&quot;:false}\">\n\t\t\t\t\t\t<div class=\"elementor-container elementor-column-gap-no\">\n\t\t\t\t\t<div class=\"elementor-column elementor-col-100 elementor-top-column elementor-element elementor-element-80c6f2d\" data-id=\"80c6f2d\" data-element_type=\"column\">\n\t\t\t<div class=\"elementor-widget-wrap elementor-element-populated\">\n\t\t\t\t\t\t<div class=\"elementor-element elementor-element-0f5bde7 elementor-widget elementor-widget-heading\" data-id=\"0f5bde7\" data-element_type=\"widget\" data-widget_type=\"heading.default\">\n\t\t\t\t<div class=\"elementor-widget-container\">\n\t\t\t\t\t<h4 class=\"elementor-heading-title elementor-size-default\">La productora<\/h4>\t\t\t\t<\/div>\n\t\t\t\t<\/div>\n\t\t\t\t<div class=\"elementor-element elementor-element-18ca2f2 elementor-widget-divider--view-line elementor-widget elementor-widget-divider\" data-id=\"18ca2f2\" data-element_type=\"widget\" data-widget_type=\"divider.default\">\n\t\t\t\t<div class=\"elementor-widget-container\">\n\t\t\t\t\t\t\t<div class=\"elementor-divider\">\n\t\t\t<span class=\"elementor-divider-separator\">\n\t\t\t\t\t\t<\/span>\n\t\t<\/div>\n\t\t\t\t\t\t<\/div>\n\t\t\t\t<\/div>\n\t\t\t\t<div class=\"elementor-element elementor-element-fc5f29d elementor-hidden-phone elementor-widget elementor-widget-text-editor\" data-id=\"fc5f29d\" data-element_type=\"widget\" data-widget_type=\"text-editor.default\">\n\t\t\t\t<div class=\"elementor-widget-container\">\n\t\t\t\t\t\t\t\t\t<p><i>Los elementros centrales que sostienen nuestra actividad<\/i><\/p>\t\t\t\t\t\t\t\t<\/div>\n\t\t\t\t<\/div>\n\t\t\t\t<div class=\"elementor-element elementor-element-03df2da elementor-widget elementor-widget-image\" data-id=\"03df2da\" data-element_type=\"widget\" data-widget_type=\"image.default\">\n\t\t\t\t<div class=\"elementor-widget-container\">\n\t\t\t\t\t\t\t\t\t\t\t\t\t\t\t<img decoding=\"async\" width=\"300\" height=\"50\" src=\"https:\/\/plateafilms.com\/wp-content\/uploads\/2021\/07\/Captura-de-pantalla-2021-07-23-a-las-21.05.27-300x50.png\" class=\"attachment-medium size-medium wp-image-2830\" alt=\"\" srcset=\"https:\/\/plateafilms.com\/wp-content\/uploads\/2021\/07\/Captura-de-pantalla-2021-07-23-a-las-21.05.27-300x50.png 300w, https:\/\/plateafilms.com\/wp-content\/uploads\/2021\/07\/Captura-de-pantalla-2021-07-23-a-las-21.05.27-768x128.png 768w, https:\/\/plateafilms.com\/wp-content\/uploads\/2021\/07\/Captura-de-pantalla-2021-07-23-a-las-21.05.27-16x3.png 16w, https:\/\/plateafilms.com\/wp-content\/uploads\/2021\/07\/Captura-de-pantalla-2021-07-23-a-las-21.05.27.png 778w\" sizes=\"(max-width: 300px) 100vw, 300px\" \/>\t\t\t\t\t\t\t\t\t\t\t\t\t\t\t<\/div>\n\t\t\t\t<\/div>\n\t\t\t\t<section class=\"elementor-section elementor-inner-section elementor-element elementor-element-2d96a59 elementor-section-boxed elementor-section-height-default elementor-section-height-default\" data-id=\"2d96a59\" data-element_type=\"section\" data-settings=\"{&quot;_ha_eqh_enable&quot;:false}\">\n\t\t\t\t\t\t<div class=\"elementor-container elementor-column-gap-default\">\n\t\t\t\t\t<div class=\"elementor-column elementor-col-100 elementor-inner-column elementor-element elementor-element-b50a58c\" data-id=\"b50a58c\" data-element_type=\"column\">\n\t\t\t<div class=\"elementor-widget-wrap elementor-element-populated\">\n\t\t\t\t\t\t<div class=\"elementor-element elementor-element-259a597 elementor-position-left elementor-view-default elementor-mobile-position-top elementor-vertical-align-top elementor-invisible elementor-widget elementor-widget-icon-box\" data-id=\"259a597\" data-element_type=\"widget\" data-settings=\"{&quot;_animation&quot;:&quot;fadeIn&quot;}\" data-widget_type=\"icon-box.default\">\n\t\t\t\t<div class=\"elementor-widget-container\">\n\t\t\t\t\t\t\t<div class=\"elementor-icon-box-wrapper\">\n\n\t\t\t\t\t\t<div class=\"elementor-icon-box-icon\">\n\t\t\t\t<span  class=\"elementor-icon elementor-animation-grow\">\n\t\t\t\t<i aria-hidden=\"true\" class=\"hm hm-fire-flame\"><\/i>\t\t\t\t<\/span>\n\t\t\t<\/div>\n\t\t\t\n\t\t\t\t\t\t<div class=\"elementor-icon-box-content\">\n\n\t\t\t\t\t\t\t\t\t<h3 class=\"elementor-icon-box-title\">\n\t\t\t\t\t\t<span  >\n\t\t\t\t\t\t\tLenguaje propio e identidad\t\t\t\t\t\t<\/span>\n\t\t\t\t\t<\/h3>\n\t\t\t\t\n\t\t\t\t\t\t\t\t\t<p class=\"elementor-icon-box-description\">\n\t\t\t\t\t\tDotamos de cohesi\u00f3n formal a los diferentes contenidos a trav\u00e9s del lenguaje audiovisual, con el fin de favorecer un consumo m\u00e1s intuitivo y fluido: los fundamentos de la fidelizaci\u00f3n.\t\t\t\t\t<\/p>\n\t\t\t\t\n\t\t\t<\/div>\n\t\t\t\n\t\t<\/div>\n\t\t\t\t\t\t<\/div>\n\t\t\t\t<\/div>\n\t\t\t\t\t<\/div>\n\t\t<\/div>\n\t\t\t\t\t<\/div>\n\t\t<\/section>\n\t\t\t\t<section class=\"elementor-section elementor-inner-section elementor-element elementor-element-b7c2ea4 elementor-section-boxed elementor-section-height-default elementor-section-height-default\" data-id=\"b7c2ea4\" data-element_type=\"section\" data-settings=\"{&quot;_ha_eqh_enable&quot;:false}\">\n\t\t\t\t\t\t<div class=\"elementor-container elementor-column-gap-default\">\n\t\t\t\t\t<div class=\"elementor-column elementor-col-100 elementor-inner-column elementor-element elementor-element-77fba1c\" data-id=\"77fba1c\" data-element_type=\"column\">\n\t\t\t<div class=\"elementor-widget-wrap elementor-element-populated\">\n\t\t\t\t\t\t<div class=\"elementor-element elementor-element-aed546d elementor-position-left elementor-view-default elementor-mobile-position-top elementor-vertical-align-top elementor-invisible elementor-widget elementor-widget-icon-box\" data-id=\"aed546d\" data-element_type=\"widget\" data-settings=\"{&quot;_animation&quot;:&quot;fadeIn&quot;}\" data-widget_type=\"icon-box.default\">\n\t\t\t\t<div class=\"elementor-widget-container\">\n\t\t\t\t\t\t\t<div class=\"elementor-icon-box-wrapper\">\n\n\t\t\t\t\t\t<div class=\"elementor-icon-box-icon\">\n\t\t\t\t<span  class=\"elementor-icon elementor-animation-grow\">\n\t\t\t\t<i aria-hidden=\"true\" class=\"hm hm-comment-circle\"><\/i>\t\t\t\t<\/span>\n\t\t\t<\/div>\n\t\t\t\n\t\t\t\t\t\t<div class=\"elementor-icon-box-content\">\n\n\t\t\t\t\t\t\t\t\t<h3 class=\"elementor-icon-box-title\">\n\t\t\t\t\t\t<span  >\n\t\t\t\t\t\t\tComunicaci\u00f3n permanente\t\t\t\t\t\t<\/span>\n\t\t\t\t\t<\/h3>\n\t\t\t\t\n\t\t\t\t\t\t\t\t\t<p class=\"elementor-icon-box-description\">\n\t\t\t\t\t\tEstablecemos una relaci\u00f3n de confianza y compromiso con los equipos de las entidades contratantes: una vinculaci\u00f3n con vocaci\u00f3n de equipo \u00fanico.\t\t\t\t\t<\/p>\n\t\t\t\t\n\t\t\t<\/div>\n\t\t\t\n\t\t<\/div>\n\t\t\t\t\t\t<\/div>\n\t\t\t\t<\/div>\n\t\t\t\t\t<\/div>\n\t\t<\/div>\n\t\t\t\t\t<\/div>\n\t\t<\/section>\n\t\t\t\t<section class=\"elementor-section elementor-inner-section elementor-element elementor-element-7f80bf4 elementor-section-boxed elementor-section-height-default elementor-section-height-default\" data-id=\"7f80bf4\" data-element_type=\"section\" data-settings=\"{&quot;_ha_eqh_enable&quot;:false}\">\n\t\t\t\t\t\t<div class=\"elementor-container elementor-column-gap-default\">\n\t\t\t\t\t<div class=\"elementor-column elementor-col-100 elementor-inner-column elementor-element elementor-element-dde6d61\" data-id=\"dde6d61\" data-element_type=\"column\">\n\t\t\t<div class=\"elementor-widget-wrap elementor-element-populated\">\n\t\t\t\t\t\t<div class=\"elementor-element elementor-element-0dcc855 elementor-position-left elementor-view-default elementor-mobile-position-top elementor-vertical-align-top elementor-invisible elementor-widget elementor-widget-icon-box\" data-id=\"0dcc855\" data-element_type=\"widget\" data-settings=\"{&quot;_animation&quot;:&quot;fadeIn&quot;}\" data-widget_type=\"icon-box.default\">\n\t\t\t\t<div class=\"elementor-widget-container\">\n\t\t\t\t\t\t\t<div class=\"elementor-icon-box-wrapper\">\n\n\t\t\t\t\t\t<div class=\"elementor-icon-box-icon\">\n\t\t\t\t<span  class=\"elementor-icon elementor-animation-grow\">\n\t\t\t\t<i aria-hidden=\"true\" class=\"hm hm-key\"><\/i>\t\t\t\t<\/span>\n\t\t\t<\/div>\n\t\t\t\n\t\t\t\t\t\t<div class=\"elementor-icon-box-content\">\n\n\t\t\t\t\t\t\t\t\t<h3 class=\"elementor-icon-box-title\">\n\t\t\t\t\t\t<span  >\n\t\t\t\t\t\t\tSeguridad y garant\u00edas\t\t\t\t\t\t<\/span>\n\t\t\t\t\t<\/h3>\n\t\t\t\t\n\t\t\t\t\t\t\t\t\t<p class=\"elementor-icon-box-description\">\n\t\t\t\t\t\tSeguridad reforzada de las l\u00edneas de producci\u00f3n mediante un protocolo de <i>backups sistem\u00e1tico, <\/i>evitando p\u00e9rdidas de informaci\u00f3n. En la misma l\u00ednea, establecemos un compromiso absoluto con los derechos de propiedad, la protecci\u00f3n de datos y privacidad de nuestros clientes, salvaguardando en todo momento los contenidos de cualquier publicaci\u00f3n o uso indebido o no validado o solicitado por parte del cliente. Para m\u00e1s informaci\u00f3n puedes consultar nuestra secci\u00f3n POL\u00cdTICA DE PRIVACIDAD. \t\t\t\t\t<\/p>\n\t\t\t\t\n\t\t\t<\/div>\n\t\t\t\n\t\t<\/div>\n\t\t\t\t\t\t<\/div>\n\t\t\t\t<\/div>\n\t\t\t\t\t<\/div>\n\t\t<\/div>\n\t\t\t\t\t<\/div>\n\t\t<\/section>\n\t\t\t\t<div class=\"elementor-element elementor-element-e23a1b7 elementor-widget elementor-widget-spacer\" data-id=\"e23a1b7\" data-element_type=\"widget\" data-widget_type=\"spacer.default\">\n\t\t\t\t<div class=\"elementor-widget-container\">\n\t\t\t\t\t\t\t<div class=\"elementor-spacer\">\n\t\t\t<div class=\"elementor-spacer-inner\"><\/div>\n\t\t<\/div>\n\t\t\t\t\t\t<\/div>\n\t\t\t\t<\/div>\n\t\t\t\t<div class=\"elementor-element elementor-element-9ec010b elementor-view-default elementor-widget elementor-widget-icon\" data-id=\"9ec010b\" data-element_type=\"widget\" data-widget_type=\"icon.default\">\n\t\t\t\t<div class=\"elementor-widget-container\">\n\t\t\t\t\t\t\t<div class=\"elementor-icon-wrapper\">\n\t\t\t<div class=\"elementor-icon\">\n\t\t\t<i aria-hidden=\"true\" class=\"hm hm-book\"><\/i>\t\t\t<\/div>\n\t\t<\/div>\n\t\t\t\t\t\t<\/div>\n\t\t\t\t<\/div>\n\t\t\t\t<div class=\"elementor-element elementor-element-7f39bcb elementor-widget elementor-widget-text-editor\" data-id=\"7f39bcb\" data-element_type=\"widget\" data-widget_type=\"text-editor.default\">\n\t\t\t\t<div class=\"elementor-widget-container\">\n\t\t\t\t\t\t\t\t\t<p><\/p>\n<p>Ubicada en Barcelona, nuestra compa\u00f1\u00eda cuenta con m\u00e1s de 10 a\u00f1os de experiencia en el sector de la producci\u00f3n de contenidos audiovisuales.<\/p>\n<p>Ofrecemos un<span style=\"font-family: var( --e-global-typography-text-font-family ), Sans-serif;\">&nbsp;servicio integral orientado a dar respuesta a todas las necesidades audiovisuales de nuestros clientes, desde la edici\u00f3n de contenidos sencillos para redes hasta la planificaci\u00f3n y realizaci\u00f3n de grandes despliegues para espect\u00e1culos en directo o videoclips.&nbsp;<\/span><\/p>\n<p><span style=\"font-family: var( --e-global-typography-text-font-family ), Sans-serif;\">Nuestro equipo de profesionales, en permanente actualizaci\u00f3n formativa, cubre un amplio espectro de especializaci\u00f3n para asegurar el m\u00e1ximo desempe\u00f1o y seguridad en el servicio.&nbsp;<\/span><\/p>\n<p><span style=\"font-family: var( --e-global-typography-text-font-family ), Sans-serif;\">Somos muy conscientes de lo importante que es empatizar personalmente con clientes y colaboradores externos. Por esta raz\u00f3n, trabajamos para canalizar sus inquietudes y guiarlos en cada paso favoreciendo un clima de m\u00e1xima confianza y comunicaci\u00f3n durante los procesos de producci\u00f3n.<\/span><\/p>\n<p><\/p>\t\t\t\t\t\t\t\t<\/div>\n\t\t\t\t<\/div>\n\t\t\t\t\t<\/div>\n\t\t<\/div>\n\t\t\t\t\t<\/div>\n\t\t<\/section>\n\t\t\t\t<section class=\"elementor-section elementor-top-section elementor-element elementor-element-294da02 elementor-section-boxed elementor-section-height-default elementor-section-height-default\" data-id=\"294da02\" data-element_type=\"section\" data-settings=\"{&quot;_ha_eqh_enable&quot;:false}\">\n\t\t\t\t\t\t<div class=\"elementor-container elementor-column-gap-default\">\n\t\t\t\t\t<div class=\"elementor-column elementor-col-100 elementor-top-column elementor-element elementor-element-b7d054e\" data-id=\"b7d054e\" data-element_type=\"column\">\n\t\t\t<div class=\"elementor-widget-wrap elementor-element-populated\">\n\t\t\t\t\t\t<div class=\"elementor-element elementor-element-bcba224 elementor-widget elementor-widget-image\" data-id=\"bcba224\" data-element_type=\"widget\" data-widget_type=\"image.default\">\n\t\t\t\t<div class=\"elementor-widget-container\">\n\t\t\t\t\t\t\t\t\t\t\t\t\t\t\t<img fetchpriority=\"high\" decoding=\"async\" width=\"768\" height=\"515\" src=\"https:\/\/plateafilms.com\/wp-content\/uploads\/2021\/01\/Captura-de-pantalla-2021-01-10-a-las-19.47.41-768x515.png\" class=\"attachment-medium_large size-medium_large wp-image-1872\" alt=\"\" srcset=\"https:\/\/plateafilms.com\/wp-content\/uploads\/2021\/01\/Captura-de-pantalla-2021-01-10-a-las-19.47.41-768x515.png 768w, https:\/\/plateafilms.com\/wp-content\/uploads\/2021\/01\/Captura-de-pantalla-2021-01-10-a-las-19.47.41-300x201.png 300w, https:\/\/plateafilms.com\/wp-content\/uploads\/2021\/01\/Captura-de-pantalla-2021-01-10-a-las-19.47.41-1024x687.png 1024w, https:\/\/plateafilms.com\/wp-content\/uploads\/2021\/01\/Captura-de-pantalla-2021-01-10-a-las-19.47.41.png 1198w\" sizes=\"(max-width: 768px) 100vw, 768px\" \/>\t\t\t\t\t\t\t\t\t\t\t\t\t\t\t<\/div>\n\t\t\t\t<\/div>\n\t\t\t\t\t<\/div>\n\t\t<\/div>\n\t\t\t\t\t<\/div>\n\t\t<\/section>\n\t\t\t\t<\/div>","protected":false},"excerpt":{"rendered":"<p>La productora Los elementros centrales que sostienen nuestra actividad Lenguaje propio e identidad Dotamos de cohesi\u00f3n formal a los diferentes contenidos a trav\u00e9s del lenguaje audiovisual, con el fin de favorecer un consumo m\u00e1s intuitivo y fluido: los fundamentos de la fidelizaci\u00f3n. Comunicaci\u00f3n permanente Establecemos una relaci\u00f3n de confianza y compromiso con los equipos de &#8230; <a title=\"Nuestros principios\" class=\"read-more\" href=\"https:\/\/plateafilms.com\/ca\/nuestros-principios\/\" aria-label=\"M\u00e9s sobre Nuestros principios\">Llegiu m\u00e9s<\/a><\/p>","protected":false},"author":1,"featured_media":0,"parent":0,"menu_order":0,"comment_status":"closed","ping_status":"closed","template":"elementor_header_footer","meta":{"footnotes":""},"categories":[],"class_list":["post-632","page","type-page","status-publish"],"yoast_head":"<!-- This site is optimized with the Yoast SEO plugin v25.3 - https:\/\/yoast.com\/wordpress\/plugins\/seo\/ -->\n<title>Nuestros principios - Platea Films<\/title>\n<meta name=\"robots\" content=\"index, follow, max-snippet:-1, max-image-preview:large, max-video-preview:-1\" \/>\n<link rel=\"canonical\" href=\"https:\/\/plateafilms.com\/ca\/nuestros-principios\/\" \/>\n<meta property=\"og:locale\" content=\"ca_ES\" \/>\n<meta property=\"og:type\" content=\"article\" \/>\n<meta property=\"og:title\" content=\"Nuestros principios - Platea Films\" \/>\n<meta property=\"og:description\" content=\"La productora Los elementros centrales que sostienen nuestra actividad Lenguaje propio e identidad Dotamos de cohesi\u00f3n formal a los diferentes contenidos a trav\u00e9s del lenguaje audiovisual, con el fin de favorecer un consumo m\u00e1s intuitivo y fluido: los fundamentos de la fidelizaci\u00f3n. Comunicaci\u00f3n permanente Establecemos una relaci\u00f3n de confianza y compromiso con los equipos de ... Llegiu m\u00e9s\" \/>\n<meta property=\"og:url\" content=\"https:\/\/plateafilms.com\/ca\/nuestros-principios\/\" \/>\n<meta property=\"og:site_name\" content=\"Platea Films\" \/>\n<meta property=\"article:modified_time\" content=\"2022-09-30T14:20:16+00:00\" \/>\n<meta property=\"og:image\" content=\"https:\/\/plateafilms.com\/wp-content\/uploads\/2021\/07\/Captura-de-pantalla-2021-07-23-a-las-21.05.27-300x50.png\" \/>\n<meta name=\"twitter:card\" content=\"summary_large_image\" \/>\n<meta name=\"twitter:label1\" content=\"Temps estimat de lectura\" \/>\n\t<meta name=\"twitter:data1\" content=\"2 minuts\" \/>\n<script type=\"application\/ld+json\" class=\"yoast-schema-graph\">{\"@context\":\"https:\/\/schema.org\",\"@graph\":[{\"@type\":\"WebPage\",\"@id\":\"https:\/\/plateafilms.com\/nuestros-principios\/\",\"url\":\"https:\/\/plateafilms.com\/nuestros-principios\/\",\"name\":\"Nuestros principios - Platea Films\",\"isPartOf\":{\"@id\":\"https:\/\/plateafilms.com\/#website\"},\"primaryImageOfPage\":{\"@id\":\"https:\/\/plateafilms.com\/nuestros-principios\/#primaryimage\"},\"image\":{\"@id\":\"https:\/\/plateafilms.com\/nuestros-principios\/#primaryimage\"},\"thumbnailUrl\":\"https:\/\/plateafilms.com\/wp-content\/uploads\/2021\/07\/Captura-de-pantalla-2021-07-23-a-las-21.05.27-300x50.png\",\"datePublished\":\"2020-12-02T12:51:48+00:00\",\"dateModified\":\"2022-09-30T14:20:16+00:00\",\"breadcrumb\":{\"@id\":\"https:\/\/plateafilms.com\/nuestros-principios\/#breadcrumb\"},\"inLanguage\":\"ca\",\"potentialAction\":[{\"@type\":\"ReadAction\",\"target\":[\"https:\/\/plateafilms.com\/nuestros-principios\/\"]}]},{\"@type\":\"ImageObject\",\"inLanguage\":\"ca\",\"@id\":\"https:\/\/plateafilms.com\/nuestros-principios\/#primaryimage\",\"url\":\"https:\/\/plateafilms.com\/wp-content\/uploads\/2021\/07\/Captura-de-pantalla-2021-07-23-a-las-21.05.27-300x50.png\",\"contentUrl\":\"https:\/\/plateafilms.com\/wp-content\/uploads\/2021\/07\/Captura-de-pantalla-2021-07-23-a-las-21.05.27-300x50.png\"},{\"@type\":\"BreadcrumbList\",\"@id\":\"https:\/\/plateafilms.com\/nuestros-principios\/#breadcrumb\",\"itemListElement\":[{\"@type\":\"ListItem\",\"position\":1,\"name\":\"Portada\",\"item\":\"https:\/\/plateafilms.com\/\"},{\"@type\":\"ListItem\",\"position\":2,\"name\":\"Nuestros principios\"}]},{\"@type\":\"WebSite\",\"@id\":\"https:\/\/plateafilms.com\/#website\",\"url\":\"https:\/\/plateafilms.com\/\",\"name\":\"Platea Films\",\"description\":\"Producci\u00f3n audiovisual en Barcelona\",\"publisher\":{\"@id\":\"https:\/\/plateafilms.com\/#organization\"},\"potentialAction\":[{\"@type\":\"SearchAction\",\"target\":{\"@type\":\"EntryPoint\",\"urlTemplate\":\"https:\/\/plateafilms.com\/?s={search_term_string}\"},\"query-input\":{\"@type\":\"PropertyValueSpecification\",\"valueRequired\":true,\"valueName\":\"search_term_string\"}}],\"inLanguage\":\"ca\"},{\"@type\":\"Organization\",\"@id\":\"https:\/\/plateafilms.com\/#organization\",\"name\":\"Platea Films\",\"url\":\"https:\/\/plateafilms.com\/\",\"logo\":{\"@type\":\"ImageObject\",\"inLanguage\":\"ca\",\"@id\":\"https:\/\/plateafilms.com\/#\/schema\/logo\/image\/\",\"url\":\"https:\/\/plateafilms.com\/wp-content\/uploads\/2021\/07\/cropped-Captura-de-pantalla-2021-07-23-a-las-21.05.27.png\",\"contentUrl\":\"https:\/\/plateafilms.com\/wp-content\/uploads\/2021\/07\/cropped-Captura-de-pantalla-2021-07-23-a-las-21.05.27.png\",\"width\":777,\"height\":130,\"caption\":\"Platea Films\"},\"image\":{\"@id\":\"https:\/\/plateafilms.com\/#\/schema\/logo\/image\/\"}}]}<\/script>\n<!-- \/ Yoast SEO plugin. -->","yoast_head_json":{"title":"Nuestros principios - Platea Films","robots":{"index":"index","follow":"follow","max-snippet":"max-snippet:-1","max-image-preview":"max-image-preview:large","max-video-preview":"max-video-preview:-1"},"canonical":"https:\/\/plateafilms.com\/ca\/nuestros-principios\/","og_locale":"ca_ES","og_type":"article","og_title":"Nuestros principios - Platea Films","og_description":"La productora Los elementros centrales que sostienen nuestra actividad Lenguaje propio e identidad Dotamos de cohesi\u00f3n formal a los diferentes contenidos a trav\u00e9s del lenguaje audiovisual, con el fin de favorecer un consumo m\u00e1s intuitivo y fluido: los fundamentos de la fidelizaci\u00f3n. Comunicaci\u00f3n permanente Establecemos una relaci\u00f3n de confianza y compromiso con los equipos de ... Llegiu m\u00e9s","og_url":"https:\/\/plateafilms.com\/ca\/nuestros-principios\/","og_site_name":"Platea Films","article_modified_time":"2022-09-30T14:20:16+00:00","og_image":[{"url":"https:\/\/plateafilms.com\/wp-content\/uploads\/2021\/07\/Captura-de-pantalla-2021-07-23-a-las-21.05.27-300x50.png","type":"","width":"","height":""}],"twitter_card":"summary_large_image","twitter_misc":{"Temps estimat de lectura":"2 minuts"},"schema":{"@context":"https:\/\/schema.org","@graph":[{"@type":"WebPage","@id":"https:\/\/plateafilms.com\/nuestros-principios\/","url":"https:\/\/plateafilms.com\/nuestros-principios\/","name":"Nuestros principios - Platea Films","isPartOf":{"@id":"https:\/\/plateafilms.com\/#website"},"primaryImageOfPage":{"@id":"https:\/\/plateafilms.com\/nuestros-principios\/#primaryimage"},"image":{"@id":"https:\/\/plateafilms.com\/nuestros-principios\/#primaryimage"},"thumbnailUrl":"https:\/\/plateafilms.com\/wp-content\/uploads\/2021\/07\/Captura-de-pantalla-2021-07-23-a-las-21.05.27-300x50.png","datePublished":"2020-12-02T12:51:48+00:00","dateModified":"2022-09-30T14:20:16+00:00","breadcrumb":{"@id":"https:\/\/plateafilms.com\/nuestros-principios\/#breadcrumb"},"inLanguage":"ca","potentialAction":[{"@type":"ReadAction","target":["https:\/\/plateafilms.com\/nuestros-principios\/"]}]},{"@type":"ImageObject","inLanguage":"ca","@id":"https:\/\/plateafilms.com\/nuestros-principios\/#primaryimage","url":"https:\/\/plateafilms.com\/wp-content\/uploads\/2021\/07\/Captura-de-pantalla-2021-07-23-a-las-21.05.27-300x50.png","contentUrl":"https:\/\/plateafilms.com\/wp-content\/uploads\/2021\/07\/Captura-de-pantalla-2021-07-23-a-las-21.05.27-300x50.png"},{"@type":"BreadcrumbList","@id":"https:\/\/plateafilms.com\/nuestros-principios\/#breadcrumb","itemListElement":[{"@type":"ListItem","position":1,"name":"Portada","item":"https:\/\/plateafilms.com\/"},{"@type":"ListItem","position":2,"name":"Nuestros principios"}]},{"@type":"WebSite","@id":"https:\/\/plateafilms.com\/#website","url":"https:\/\/plateafilms.com\/","name":"Platea Films","description":"Producci\u00f3n audiovisual en Barcelona","publisher":{"@id":"https:\/\/plateafilms.com\/#organization"},"potentialAction":[{"@type":"SearchAction","target":{"@type":"EntryPoint","urlTemplate":"https:\/\/plateafilms.com\/?s={search_term_string}"},"query-input":{"@type":"PropertyValueSpecification","valueRequired":true,"valueName":"search_term_string"}}],"inLanguage":"ca"},{"@type":"Organization","@id":"https:\/\/plateafilms.com\/#organization","name":"Platea Films","url":"https:\/\/plateafilms.com\/","logo":{"@type":"ImageObject","inLanguage":"ca","@id":"https:\/\/plateafilms.com\/#\/schema\/logo\/image\/","url":"https:\/\/plateafilms.com\/wp-content\/uploads\/2021\/07\/cropped-Captura-de-pantalla-2021-07-23-a-las-21.05.27.png","contentUrl":"https:\/\/plateafilms.com\/wp-content\/uploads\/2021\/07\/cropped-Captura-de-pantalla-2021-07-23-a-las-21.05.27.png","width":777,"height":130,"caption":"Platea Films"},"image":{"@id":"https:\/\/plateafilms.com\/#\/schema\/logo\/image\/"}}]}},"_links":{"self":[{"href":"https:\/\/plateafilms.com\/ca\/wp-json\/wp\/v2\/pages\/632","targetHints":{"allow":["GET"]}}],"collection":[{"href":"https:\/\/plateafilms.com\/ca\/wp-json\/wp\/v2\/pages"}],"about":[{"href":"https:\/\/plateafilms.com\/ca\/wp-json\/wp\/v2\/types\/page"}],"author":[{"embeddable":true,"href":"https:\/\/plateafilms.com\/ca\/wp-json\/wp\/v2\/users\/1"}],"replies":[{"embeddable":true,"href":"https:\/\/plateafilms.com\/ca\/wp-json\/wp\/v2\/comments?post=632"}],"version-history":[{"count":139,"href":"https:\/\/plateafilms.com\/ca\/wp-json\/wp\/v2\/pages\/632\/revisions"}],"predecessor-version":[{"id":3256,"href":"https:\/\/plateafilms.com\/ca\/wp-json\/wp\/v2\/pages\/632\/revisions\/3256"}],"wp:attachment":[{"href":"https:\/\/plateafilms.com\/ca\/wp-json\/wp\/v2\/media?parent=632"}],"wp:term":[{"taxonomy":"category","embeddable":true,"href":"https:\/\/plateafilms.com\/ca\/wp-json\/wp\/v2\/categories?post=632"}],"curies":[{"name":"wp","href":"https:\/\/api.w.org\/{rel}","templated":true}]}}