{"id":3561,"date":"2023-05-09T02:22:47","date_gmt":"2023-05-09T02:22:47","guid":{"rendered":"https:\/\/plateafilms.com\/?page_id=3561"},"modified":"2023-05-09T02:26:25","modified_gmt":"2023-05-09T02:26:25","slug":"videoteca-rumba-a-lestudi","status":"publish","type":"page","link":"https:\/\/plateafilms.com\/ca\/videoteca-rumba-a-lestudi\/","title":{"rendered":"Videoteca &#8211; Rumba a l&#8217;Estudi"},"content":{"rendered":"<div data-elementor-type=\"wp-page\" data-elementor-id=\"3561\" class=\"elementor elementor-3561\" data-elementor-settings=\"{&quot;ha_cmc_init_switcher&quot;:&quot;no&quot;}\" data-elementor-post-type=\"page\">\n\t\t\t\t\t\t<section class=\"elementor-section elementor-top-section elementor-element elementor-element-a4b64cf elementor-section-boxed elementor-section-height-default elementor-section-height-default\" data-id=\"a4b64cf\" data-element_type=\"section\" data-settings=\"{&quot;background_background&quot;:&quot;classic&quot;,&quot;_ha_eqh_enable&quot;:false}\">\n\t\t\t\t\t\t<div class=\"elementor-container elementor-column-gap-no\">\n\t\t\t\t\t<div class=\"elementor-column elementor-col-100 elementor-top-column elementor-element elementor-element-467757a elementor-invisible\" data-id=\"467757a\" data-element_type=\"column\" data-settings=\"{&quot;animation&quot;:&quot;fadeIn&quot;}\">\n\t\t\t<div class=\"elementor-widget-wrap elementor-element-populated\">\n\t\t\t\t\t\t<div class=\"elementor-element elementor-element-94b3dae elementor-widget elementor-widget-heading\" data-id=\"94b3dae\" data-element_type=\"widget\" data-widget_type=\"heading.default\">\n\t\t\t\t<div class=\"elementor-widget-container\">\n\t\t\t\t\t<h4 class=\"elementor-heading-title elementor-size-default\">Rumba a l'Estudi<\/h4>\t\t\t\t<\/div>\n\t\t\t\t<\/div>\n\t\t\t\t<div class=\"elementor-element elementor-element-9dc4389 elementor-widget elementor-widget-text-editor\" data-id=\"9dc4389\" data-element_type=\"widget\" data-widget_type=\"text-editor.default\">\n\t\t\t\t<div class=\"elementor-widget-container\">\n\t\t\t\t\t\t\t\t\t<p>Una producci\u00f3n para la Corporaci\u00f3 Catalana de Mitjans Audiovisuals i RGB Music (2019-2020)&nbsp;<\/p>\t\t\t\t\t\t\t\t<\/div>\n\t\t\t\t<\/div>\n\t\t\t\t<div class=\"elementor-element elementor-element-121cf63 elementor-widget-divider--view-line elementor-widget elementor-widget-divider\" data-id=\"121cf63\" data-element_type=\"widget\" data-widget_type=\"divider.default\">\n\t\t\t\t<div class=\"elementor-widget-container\">\n\t\t\t\t\t\t\t<div class=\"elementor-divider\">\n\t\t\t<span class=\"elementor-divider-separator\">\n\t\t\t\t\t\t<\/span>\n\t\t<\/div>\n\t\t\t\t\t\t<\/div>\n\t\t\t\t<\/div>\n\t\t\t\t\t<\/div>\n\t\t<\/div>\n\t\t\t\t\t<\/div>\n\t\t<\/section>\n\t\t\t\t<section class=\"elementor-section elementor-top-section elementor-element elementor-element-d48cfe8 elementor-section-boxed elementor-section-height-default elementor-section-height-default\" data-id=\"d48cfe8\" data-element_type=\"section\" data-settings=\"{&quot;_ha_eqh_enable&quot;:false}\">\n\t\t\t\t\t\t<div class=\"elementor-container elementor-column-gap-default\">\n\t\t\t\t\t<div class=\"elementor-column elementor-col-100 elementor-top-column elementor-element elementor-element-a399706\" data-id=\"a399706\" data-element_type=\"column\">\n\t\t\t<div class=\"elementor-widget-wrap elementor-element-populated\">\n\t\t\t\t\t\t<div class=\"elementor-element elementor-element-13bd860 elementor-widget elementor-widget-image\" data-id=\"13bd860\" data-element_type=\"widget\" data-widget_type=\"image.default\">\n\t\t\t\t<div class=\"elementor-widget-container\">\n\t\t\t\t\t\t\t\t\t\t\t\t\t\t\t\t<a href=\"https:\/\/www.ccma.cat\/tv3\/folc-a-lestudi\/capitols\/\">\n\t\t\t\t\t\t\t<img fetchpriority=\"high\" decoding=\"async\" width=\"1024\" height=\"573\" src=\"https:\/\/plateafilms.com\/wp-content\/uploads\/2020\/12\/Rumba_psd-1024x573.jpg\" class=\"attachment-large size-large wp-image-1188\" alt=\"\" srcset=\"https:\/\/plateafilms.com\/wp-content\/uploads\/2020\/12\/Rumba_psd-1024x573.jpg 1024w, https:\/\/plateafilms.com\/wp-content\/uploads\/2020\/12\/Rumba_psd-300x168.jpg 300w, https:\/\/plateafilms.com\/wp-content\/uploads\/2020\/12\/Rumba_psd-768x430.jpg 768w, https:\/\/plateafilms.com\/wp-content\/uploads\/2020\/12\/Rumba_psd-1536x859.jpg 1536w, https:\/\/plateafilms.com\/wp-content\/uploads\/2020\/12\/Rumba_psd.jpg 1945w\" sizes=\"(max-width: 1024px) 100vw, 1024px\" \/>\t\t\t\t\t\t\t\t<\/a>\n\t\t\t\t\t\t\t\t\t\t\t\t\t\t\t<\/div>\n\t\t\t\t<\/div>\n\t\t\t\t<div class=\"elementor-element elementor-element-c223370 elementor-widget elementor-widget-spacer\" data-id=\"c223370\" data-element_type=\"widget\" data-widget_type=\"spacer.default\">\n\t\t\t\t<div class=\"elementor-widget-container\">\n\t\t\t\t\t\t\t<div class=\"elementor-spacer\">\n\t\t\t<div class=\"elementor-spacer-inner\"><\/div>\n\t\t<\/div>\n\t\t\t\t\t\t<\/div>\n\t\t\t\t<\/div>\n\t\t\t\t\t<\/div>\n\t\t<\/div>\n\t\t\t\t\t<\/div>\n\t\t<\/section>\n\t\t\t\t<section class=\"elementor-section elementor-top-section elementor-element elementor-element-97542b0 elementor-section-boxed elementor-section-height-default elementor-section-height-default\" data-id=\"97542b0\" data-element_type=\"section\" data-settings=\"{&quot;_ha_eqh_enable&quot;:false}\">\n\t\t\t\t\t\t<div class=\"elementor-container elementor-column-gap-default\">\n\t\t\t\t\t<div class=\"elementor-column elementor-col-100 elementor-top-column elementor-element elementor-element-e262d4a\" data-id=\"e262d4a\" data-element_type=\"column\">\n\t\t\t<div class=\"elementor-widget-wrap elementor-element-populated\">\n\t\t\t\t\t\t<div class=\"elementor-element elementor-element-10332ec elementor-widget elementor-widget-image\" data-id=\"10332ec\" data-element_type=\"widget\" data-widget_type=\"image.default\">\n\t\t\t\t<div class=\"elementor-widget-container\">\n\t\t\t\t\t\t\t\t\t\t\t\t\t\t\t\t<a href=\"https:\/\/www.ccma.cat\/tv3\/folc-a-lestudi\/capitols\/\">\n\t\t\t\t\t\t\t<img decoding=\"async\" width=\"768\" height=\"594\" src=\"https:\/\/plateafilms.com\/wp-content\/uploads\/2021\/01\/Captura-de-pantalla-2021-01-10-a-las-19.29.15-768x594.png\" class=\"attachment-medium_large size-medium_large wp-image-1869\" alt=\"\" srcset=\"https:\/\/plateafilms.com\/wp-content\/uploads\/2021\/01\/Captura-de-pantalla-2021-01-10-a-las-19.29.15-768x594.png 768w, https:\/\/plateafilms.com\/wp-content\/uploads\/2021\/01\/Captura-de-pantalla-2021-01-10-a-las-19.29.15-300x232.png 300w, https:\/\/plateafilms.com\/wp-content\/uploads\/2021\/01\/Captura-de-pantalla-2021-01-10-a-las-19.29.15-1024x792.png 1024w, https:\/\/plateafilms.com\/wp-content\/uploads\/2021\/01\/Captura-de-pantalla-2021-01-10-a-las-19.29.15.png 1198w\" sizes=\"(max-width: 768px) 100vw, 768px\" \/>\t\t\t\t\t\t\t\t<\/a>\n\t\t\t\t\t\t\t\t\t\t\t\t\t\t\t<\/div>\n\t\t\t\t<\/div>\n\t\t\t\t\t<\/div>\n\t\t<\/div>\n\t\t\t\t\t<\/div>\n\t\t<\/section>\n\t\t\t\t<section class=\"elementor-section elementor-top-section elementor-element elementor-element-1df2040 elementor-section-boxed elementor-section-height-default elementor-section-height-default\" data-id=\"1df2040\" data-element_type=\"section\" data-settings=\"{&quot;_ha_eqh_enable&quot;:false}\">\n\t\t\t\t\t\t<div class=\"elementor-container elementor-column-gap-default\">\n\t\t\t\t\t<div class=\"elementor-column elementor-col-100 elementor-top-column elementor-element elementor-element-e58e880\" data-id=\"e58e880\" data-element_type=\"column\">\n\t\t\t<div class=\"elementor-widget-wrap elementor-element-populated\">\n\t\t\t\t\t\t<div class=\"elementor-element elementor-element-2467608 elementor-widget-divider--view-line elementor-widget elementor-widget-divider\" data-id=\"2467608\" data-element_type=\"widget\" data-widget_type=\"divider.default\">\n\t\t\t\t<div class=\"elementor-widget-container\">\n\t\t\t\t\t\t\t<div class=\"elementor-divider\">\n\t\t\t<span class=\"elementor-divider-separator\">\n\t\t\t\t\t\t<\/span>\n\t\t<\/div>\n\t\t\t\t\t\t<\/div>\n\t\t\t\t<\/div>\n\t\t\t\t\t<\/div>\n\t\t<\/div>\n\t\t\t\t\t<\/div>\n\t\t<\/section>\n\t\t\t\t<section class=\"elementor-section elementor-top-section elementor-element elementor-element-b313355 elementor-section-boxed elementor-section-height-default elementor-section-height-default\" data-id=\"b313355\" data-element_type=\"section\" data-settings=\"{&quot;_ha_eqh_enable&quot;:false}\">\n\t\t\t\t\t\t<div class=\"elementor-container elementor-column-gap-default\">\n\t\t\t\t\t<div class=\"elementor-column elementor-col-100 elementor-top-column elementor-element elementor-element-281db94\" data-id=\"281db94\" data-element_type=\"column\">\n\t\t\t<div class=\"elementor-widget-wrap elementor-element-populated\">\n\t\t\t\t\t\t<div class=\"elementor-element elementor-element-480a6ee elementor-widget-divider--view-line elementor-widget elementor-widget-divider\" data-id=\"480a6ee\" data-element_type=\"widget\" data-widget_type=\"divider.default\">\n\t\t\t\t<div class=\"elementor-widget-container\">\n\t\t\t\t\t\t\t<div class=\"elementor-divider\">\n\t\t\t<span class=\"elementor-divider-separator\">\n\t\t\t\t\t\t<\/span>\n\t\t<\/div>\n\t\t\t\t\t\t<\/div>\n\t\t\t\t<\/div>\n\t\t\t\t\t<\/div>\n\t\t<\/div>\n\t\t\t\t\t<\/div>\n\t\t<\/section>\n\t\t\t\t<\/div>","protected":false},"excerpt":{"rendered":"<p>Rumba a l&#8217;Estudi Una producci\u00f3n para la Corporaci\u00f3 Catalana de Mitjans Audiovisuals i RGB Music (2019-2020)&nbsp;<\/p>","protected":false},"author":1,"featured_media":1188,"parent":0,"menu_order":0,"comment_status":"closed","ping_status":"closed","template":"elementor_header_footer","meta":{"footnotes":""},"categories":[22],"class_list":{"0":"post-3561","1":"page","2":"type-page","3":"status-publish","4":"has-post-thumbnail","6":"category-television"},"yoast_head":"<!-- This site is optimized with the Yoast SEO plugin v25.3 - https:\/\/yoast.com\/wordpress\/plugins\/seo\/ -->\n<title>Videoteca - Rumba a l&#039;Estudi - Platea Films<\/title>\n<meta name=\"description\" content=\"Contingut per a l&#039;Associaci\u00f3 Catalana d&#039;Int\u00e8rprets de M\u00fasica Cl\u00e0ssica (ACIMC). Data de producci\u00f3: 2022. Informaci\u00f3 add.: https:\/\/acimc.cat\" \/>\n<meta name=\"robots\" content=\"index, follow, max-snippet:-1, max-image-preview:large, max-video-preview:-1\" \/>\n<link rel=\"canonical\" href=\"https:\/\/plateafilms.com\/ca\/videoteca-rumba-a-lestudi\/\" \/>\n<meta property=\"og:locale\" content=\"ca_ES\" \/>\n<meta property=\"og:type\" content=\"article\" \/>\n<meta property=\"og:title\" content=\"Videoteca - Rumba a l&#039;Estudi - Platea Films\" \/>\n<meta property=\"og:description\" content=\"Contingut per a l&#039;Associaci\u00f3 Catalana d&#039;Int\u00e8rprets de M\u00fasica Cl\u00e0ssica (ACIMC). Data de producci\u00f3: 2022. Informaci\u00f3 add.: https:\/\/acimc.cat\" \/>\n<meta property=\"og:url\" content=\"https:\/\/plateafilms.com\/ca\/videoteca-rumba-a-lestudi\/\" \/>\n<meta property=\"og:site_name\" content=\"Platea Films\" \/>\n<meta property=\"article:modified_time\" content=\"2023-05-09T02:26:25+00:00\" \/>\n<meta property=\"og:image\" content=\"https:\/\/plateafilms.com\/wp-content\/uploads\/2020\/12\/Rumba_psd.jpg\" \/>\n\t<meta property=\"og:image:width\" content=\"1945\" \/>\n\t<meta property=\"og:image:height\" content=\"1088\" \/>\n\t<meta property=\"og:image:type\" content=\"image\/jpeg\" \/>\n<meta name=\"twitter:card\" content=\"summary_large_image\" \/>\n<meta name=\"twitter:label1\" content=\"Temps estimat de lectura\" \/>\n\t<meta name=\"twitter:data1\" content=\"1 minut\" \/>\n<script type=\"application\/ld+json\" class=\"yoast-schema-graph\">{\"@context\":\"https:\/\/schema.org\",\"@graph\":[{\"@type\":\"WebPage\",\"@id\":\"https:\/\/plateafilms.com\/videoteca-rumba-a-lestudi\/\",\"url\":\"https:\/\/plateafilms.com\/videoteca-rumba-a-lestudi\/\",\"name\":\"Videoteca - Rumba a l'Estudi - Platea Films\",\"isPartOf\":{\"@id\":\"https:\/\/plateafilms.com\/#website\"},\"primaryImageOfPage\":{\"@id\":\"https:\/\/plateafilms.com\/videoteca-rumba-a-lestudi\/#primaryimage\"},\"image\":{\"@id\":\"https:\/\/plateafilms.com\/videoteca-rumba-a-lestudi\/#primaryimage\"},\"thumbnailUrl\":\"https:\/\/plateafilms.com\/wp-content\/uploads\/2020\/12\/Rumba_psd.jpg\",\"datePublished\":\"2023-05-09T02:22:47+00:00\",\"dateModified\":\"2023-05-09T02:26:25+00:00\",\"description\":\"Contingut per a l'Associaci\u00f3 Catalana d'Int\u00e8rprets de M\u00fasica Cl\u00e0ssica (ACIMC). Data de producci\u00f3: 2022. Informaci\u00f3 add.: https:\/\/acimc.cat\",\"breadcrumb\":{\"@id\":\"https:\/\/plateafilms.com\/videoteca-rumba-a-lestudi\/#breadcrumb\"},\"inLanguage\":\"ca\",\"potentialAction\":[{\"@type\":\"ReadAction\",\"target\":[\"https:\/\/plateafilms.com\/videoteca-rumba-a-lestudi\/\"]}]},{\"@type\":\"ImageObject\",\"inLanguage\":\"ca\",\"@id\":\"https:\/\/plateafilms.com\/videoteca-rumba-a-lestudi\/#primaryimage\",\"url\":\"https:\/\/plateafilms.com\/wp-content\/uploads\/2020\/12\/Rumba_psd.jpg\",\"contentUrl\":\"https:\/\/plateafilms.com\/wp-content\/uploads\/2020\/12\/Rumba_psd.jpg\",\"width\":1945,\"height\":1088},{\"@type\":\"BreadcrumbList\",\"@id\":\"https:\/\/plateafilms.com\/videoteca-rumba-a-lestudi\/#breadcrumb\",\"itemListElement\":[{\"@type\":\"ListItem\",\"position\":1,\"name\":\"Portada\",\"item\":\"https:\/\/plateafilms.com\/\"},{\"@type\":\"ListItem\",\"position\":2,\"name\":\"Videoteca &#8211; Rumba a l&#8217;Estudi\"}]},{\"@type\":\"WebSite\",\"@id\":\"https:\/\/plateafilms.com\/#website\",\"url\":\"https:\/\/plateafilms.com\/\",\"name\":\"Platea Films\",\"description\":\"Producci\u00f3n audiovisual en Barcelona\",\"publisher\":{\"@id\":\"https:\/\/plateafilms.com\/#organization\"},\"potentialAction\":[{\"@type\":\"SearchAction\",\"target\":{\"@type\":\"EntryPoint\",\"urlTemplate\":\"https:\/\/plateafilms.com\/?s={search_term_string}\"},\"query-input\":{\"@type\":\"PropertyValueSpecification\",\"valueRequired\":true,\"valueName\":\"search_term_string\"}}],\"inLanguage\":\"ca\"},{\"@type\":\"Organization\",\"@id\":\"https:\/\/plateafilms.com\/#organization\",\"name\":\"Platea Films\",\"url\":\"https:\/\/plateafilms.com\/\",\"logo\":{\"@type\":\"ImageObject\",\"inLanguage\":\"ca\",\"@id\":\"https:\/\/plateafilms.com\/#\/schema\/logo\/image\/\",\"url\":\"https:\/\/plateafilms.com\/wp-content\/uploads\/2021\/07\/cropped-Captura-de-pantalla-2021-07-23-a-las-21.05.27.png\",\"contentUrl\":\"https:\/\/plateafilms.com\/wp-content\/uploads\/2021\/07\/cropped-Captura-de-pantalla-2021-07-23-a-las-21.05.27.png\",\"width\":777,\"height\":130,\"caption\":\"Platea Films\"},\"image\":{\"@id\":\"https:\/\/plateafilms.com\/#\/schema\/logo\/image\/\"}}]}<\/script>\n<!-- \/ Yoast SEO plugin. -->","yoast_head_json":{"title":"Videoteca - Rumba a l'Estudi - Platea Films","description":"Contingut per a l'Associaci\u00f3 Catalana d'Int\u00e8rprets de M\u00fasica Cl\u00e0ssica (ACIMC). Data de producci\u00f3: 2022. Informaci\u00f3 add.: https:\/\/acimc.cat","robots":{"index":"index","follow":"follow","max-snippet":"max-snippet:-1","max-image-preview":"max-image-preview:large","max-video-preview":"max-video-preview:-1"},"canonical":"https:\/\/plateafilms.com\/ca\/videoteca-rumba-a-lestudi\/","og_locale":"ca_ES","og_type":"article","og_title":"Videoteca - Rumba a l'Estudi - Platea Films","og_description":"Contingut per a l'Associaci\u00f3 Catalana d'Int\u00e8rprets de M\u00fasica Cl\u00e0ssica (ACIMC). Data de producci\u00f3: 2022. Informaci\u00f3 add.: https:\/\/acimc.cat","og_url":"https:\/\/plateafilms.com\/ca\/videoteca-rumba-a-lestudi\/","og_site_name":"Platea Films","article_modified_time":"2023-05-09T02:26:25+00:00","og_image":[{"width":1945,"height":1088,"url":"https:\/\/plateafilms.com\/wp-content\/uploads\/2020\/12\/Rumba_psd.jpg","type":"image\/jpeg"}],"twitter_card":"summary_large_image","twitter_misc":{"Temps estimat de lectura":"1 minut"},"schema":{"@context":"https:\/\/schema.org","@graph":[{"@type":"WebPage","@id":"https:\/\/plateafilms.com\/videoteca-rumba-a-lestudi\/","url":"https:\/\/plateafilms.com\/videoteca-rumba-a-lestudi\/","name":"Videoteca - Rumba a l'Estudi - Platea Films","isPartOf":{"@id":"https:\/\/plateafilms.com\/#website"},"primaryImageOfPage":{"@id":"https:\/\/plateafilms.com\/videoteca-rumba-a-lestudi\/#primaryimage"},"image":{"@id":"https:\/\/plateafilms.com\/videoteca-rumba-a-lestudi\/#primaryimage"},"thumbnailUrl":"https:\/\/plateafilms.com\/wp-content\/uploads\/2020\/12\/Rumba_psd.jpg","datePublished":"2023-05-09T02:22:47+00:00","dateModified":"2023-05-09T02:26:25+00:00","description":"Contingut per a l'Associaci\u00f3 Catalana d'Int\u00e8rprets de M\u00fasica Cl\u00e0ssica (ACIMC). Data de producci\u00f3: 2022. Informaci\u00f3 add.: https:\/\/acimc.cat","breadcrumb":{"@id":"https:\/\/plateafilms.com\/videoteca-rumba-a-lestudi\/#breadcrumb"},"inLanguage":"ca","potentialAction":[{"@type":"ReadAction","target":["https:\/\/plateafilms.com\/videoteca-rumba-a-lestudi\/"]}]},{"@type":"ImageObject","inLanguage":"ca","@id":"https:\/\/plateafilms.com\/videoteca-rumba-a-lestudi\/#primaryimage","url":"https:\/\/plateafilms.com\/wp-content\/uploads\/2020\/12\/Rumba_psd.jpg","contentUrl":"https:\/\/plateafilms.com\/wp-content\/uploads\/2020\/12\/Rumba_psd.jpg","width":1945,"height":1088},{"@type":"BreadcrumbList","@id":"https:\/\/plateafilms.com\/videoteca-rumba-a-lestudi\/#breadcrumb","itemListElement":[{"@type":"ListItem","position":1,"name":"Portada","item":"https:\/\/plateafilms.com\/"},{"@type":"ListItem","position":2,"name":"Videoteca &#8211; Rumba a l&#8217;Estudi"}]},{"@type":"WebSite","@id":"https:\/\/plateafilms.com\/#website","url":"https:\/\/plateafilms.com\/","name":"Platea Films","description":"Producci\u00f3n audiovisual en Barcelona","publisher":{"@id":"https:\/\/plateafilms.com\/#organization"},"potentialAction":[{"@type":"SearchAction","target":{"@type":"EntryPoint","urlTemplate":"https:\/\/plateafilms.com\/?s={search_term_string}"},"query-input":{"@type":"PropertyValueSpecification","valueRequired":true,"valueName":"search_term_string"}}],"inLanguage":"ca"},{"@type":"Organization","@id":"https:\/\/plateafilms.com\/#organization","name":"Platea Films","url":"https:\/\/plateafilms.com\/","logo":{"@type":"ImageObject","inLanguage":"ca","@id":"https:\/\/plateafilms.com\/#\/schema\/logo\/image\/","url":"https:\/\/plateafilms.com\/wp-content\/uploads\/2021\/07\/cropped-Captura-de-pantalla-2021-07-23-a-las-21.05.27.png","contentUrl":"https:\/\/plateafilms.com\/wp-content\/uploads\/2021\/07\/cropped-Captura-de-pantalla-2021-07-23-a-las-21.05.27.png","width":777,"height":130,"caption":"Platea Films"},"image":{"@id":"https:\/\/plateafilms.com\/#\/schema\/logo\/image\/"}}]}},"_links":{"self":[{"href":"https:\/\/plateafilms.com\/ca\/wp-json\/wp\/v2\/pages\/3561","targetHints":{"allow":["GET"]}}],"collection":[{"href":"https:\/\/plateafilms.com\/ca\/wp-json\/wp\/v2\/pages"}],"about":[{"href":"https:\/\/plateafilms.com\/ca\/wp-json\/wp\/v2\/types\/page"}],"author":[{"embeddable":true,"href":"https:\/\/plateafilms.com\/ca\/wp-json\/wp\/v2\/users\/1"}],"replies":[{"embeddable":true,"href":"https:\/\/plateafilms.com\/ca\/wp-json\/wp\/v2\/comments?post=3561"}],"version-history":[{"count":7,"href":"https:\/\/plateafilms.com\/ca\/wp-json\/wp\/v2\/pages\/3561\/revisions"}],"predecessor-version":[{"id":3569,"href":"https:\/\/plateafilms.com\/ca\/wp-json\/wp\/v2\/pages\/3561\/revisions\/3569"}],"wp:featuredmedia":[{"embeddable":true,"href":"https:\/\/plateafilms.com\/ca\/wp-json\/wp\/v2\/media\/1188"}],"wp:attachment":[{"href":"https:\/\/plateafilms.com\/ca\/wp-json\/wp\/v2\/media?parent=3561"}],"wp:term":[{"taxonomy":"category","embeddable":true,"href":"https:\/\/plateafilms.com\/ca\/wp-json\/wp\/v2\/categories?post=3561"}],"curies":[{"name":"wp","href":"https:\/\/api.w.org\/{rel}","templated":true}]}}