{"id":2669,"date":"2021-03-03T17:02:45","date_gmt":"2021-03-03T17:02:45","guid":{"rendered":"https:\/\/plateafilms.com\/?page_id=2669"},"modified":"2025-08-23T16:19:24","modified_gmt":"2025-08-23T16:19:24","slug":"clientes","status":"publish","type":"page","link":"https:\/\/plateafilms.com\/ca\/clientes\/","title":{"rendered":"Clientes"},"content":{"rendered":"<div data-elementor-type=\"wp-page\" data-elementor-id=\"2669\" class=\"elementor elementor-2669\" data-elementor-settings=\"{&quot;ha_cmc_init_switcher&quot;:&quot;no&quot;}\" data-elementor-post-type=\"page\">\n\t\t\t\t\t\t<section class=\"elementor-section elementor-top-section elementor-element elementor-element-e20570f elementor-section-boxed elementor-section-height-default elementor-section-height-default\" data-id=\"e20570f\" data-element_type=\"section\" data-settings=\"{&quot;background_background&quot;:&quot;classic&quot;,&quot;_ha_eqh_enable&quot;:false}\">\n\t\t\t\t\t\t<div class=\"elementor-container elementor-column-gap-no\">\n\t\t\t\t\t<div class=\"elementor-column elementor-col-100 elementor-top-column elementor-element elementor-element-710f6b6\" data-id=\"710f6b6\" data-element_type=\"column\">\n\t\t\t<div class=\"elementor-widget-wrap elementor-element-populated\">\n\t\t\t\t\t\t<div class=\"elementor-element elementor-element-3febe55 elementor-widget elementor-widget-heading\" data-id=\"3febe55\" data-element_type=\"widget\" data-widget_type=\"heading.default\">\n\t\t\t\t<div class=\"elementor-widget-container\">\n\t\t\t\t\t<h4 class=\"elementor-heading-title elementor-size-default\">Clientes<\/h4>\t\t\t\t<\/div>\n\t\t\t\t<\/div>\n\t\t\t\t<div class=\"elementor-element elementor-element-d81c772 elementor-widget-divider--view-line elementor-widget elementor-widget-divider\" data-id=\"d81c772\" data-element_type=\"widget\" data-widget_type=\"divider.default\">\n\t\t\t\t<div class=\"elementor-widget-container\">\n\t\t\t\t\t\t\t<div class=\"elementor-divider\">\n\t\t\t<span class=\"elementor-divider-separator\">\n\t\t\t\t\t\t<\/span>\n\t\t<\/div>\n\t\t\t\t\t\t<\/div>\n\t\t\t\t<\/div>\n\t\t\t\t<div class=\"elementor-element elementor-element-3429577 elementor-widget elementor-widget-text-editor\" data-id=\"3429577\" data-element_type=\"widget\" data-widget_type=\"text-editor.default\">\n\t\t\t\t<div class=\"elementor-widget-container\">\n\t\t\t\t\t\t\t\t\t<p>Entidades que conf\u00edan en nosotros:<\/p>\t\t\t\t\t\t\t\t<\/div>\n\t\t\t\t<\/div>\n\t\t\t\t<section class=\"elementor-section elementor-inner-section elementor-element elementor-element-4a7cebe elementor-section-boxed elementor-section-height-default elementor-section-height-default\" data-id=\"4a7cebe\" data-element_type=\"section\" data-settings=\"{&quot;_ha_eqh_enable&quot;:false}\">\n\t\t\t\t\t\t<div class=\"elementor-container elementor-column-gap-default\">\n\t\t\t\t\t<div class=\"elementor-column elementor-col-100 elementor-inner-column elementor-element elementor-element-9ebe2d1\" data-id=\"9ebe2d1\" data-element_type=\"column\">\n\t\t\t<div class=\"elementor-widget-wrap elementor-element-populated\">\n\t\t\t\t\t\t<div class=\"elementor-element elementor-element-0a1dc55 elementor-widget elementor-widget-text-editor\" data-id=\"0a1dc55\" data-element_type=\"widget\" data-widget_type=\"text-editor.default\">\n\t\t\t\t<div class=\"elementor-widget-container\">\n\t\t\t\t\t\t\t\t\t<p>Fundaci\u00f3 Orfe\u00f3 Catal\u00e0 Palau de la M\u00fasica Catalana<\/p><p>RGB Music, S.L.<\/p><p>Universitat Aut\u00f2noma de Barcelona (UAB)<\/p><p>Associaci\u00f3 Joan Manen<\/p><p>Columbia Artists Music LLC<\/p><p>Corporaci\u00f3 Catalana de Mitjans Audiovisuals &#8211; Televisi\u00f3 de Catalunya (TV3)\u00a0<\/p><p>Associaci\u00f3 Catalana d&#8217;Int\u00e8rprets de M\u00fasica Cl\u00e0ssica<\/p><p>Escena.upart, S.L.<\/p><p>Societat Catalana de Pediatria\u00a0<\/p><p>Rialles Espectacles Infantils i Juvenils (laSala + Festival elPetit)\u00a0<\/p><p>Imaginart\u00a0<\/p><p>Generalitat de Catalunya &#8211; Departament de Cultura\u00a0<\/p><p>Trit\u00f3 S.L &#8211; BNC Cl\u00e0ssics<\/p><p>Consort Pere Serra<\/p><p>Dibwikdans (Noruega)<\/p><p>Discmedi, S.A.<\/p><p>Satelite K &#8211; Tsunami Merch, S.L.\u00a0 \u00a0<\/p><p>Fundaci\u00f3 Ballet de Catalunya<\/p><p>University of Stavanger (Noruega)<\/p><p>Ajuntament de Barcelona<\/p><p>Ajuntament de Sabadell<\/p><p>Pride BCN<\/p><p>Col\u00b7lectiu d&#8217;Analistes Socials<\/p><p>Fundaci\u00f3 Hospital Sant Pere Claver<\/p><p>Forcadell Corporaci\u00f3 Immobili\u00e0ria, S.L.\u00a0 \u00a0<\/p><p>ACEGAL &#8211; Associaci\u00f3 Catalana d&#8217;Empreses per a Gais i Lesbianes<\/p><p>Associaci\u00f3 Musical Windu<\/p><p>Teatre Auditori de Granollers &#8211; Granollers Escena, S.L.<\/p><p>Acad\u00e8mia de les Ci\u00e8ncies M\u00e8diques i de la Salut de Catalunya i Balears<\/p><p>Parc de Recerca Biom\u00e8dica de Barcelona (PRBB)<\/p><p>Societat Coral Amics de la Uni\u00f3<\/p><p>Soldevila Play Training<\/p><p>Marina Rossell (artista)\u00a0<\/p>\t\t\t\t\t\t\t\t<\/div>\n\t\t\t\t<\/div>\n\t\t\t\t\t<\/div>\n\t\t<\/div>\n\t\t\t\t\t<\/div>\n\t\t<\/section>\n\t\t\t\t\t<\/div>\n\t\t<\/div>\n\t\t\t\t\t<\/div>\n\t\t<\/section>\n\t\t\t\t<\/div>","protected":false},"excerpt":{"rendered":"<p>Clientes Entidades que conf\u00edan en nosotros: Fundaci\u00f3 Orfe\u00f3 Catal\u00e0 Palau de la M\u00fasica Catalana RGB Music, S.L. Universitat Aut\u00f2noma de Barcelona (UAB) Associaci\u00f3 Joan Manen Columbia Artists Music LLC Corporaci\u00f3 Catalana de Mitjans Audiovisuals &#8211; Televisi\u00f3 de Catalunya (TV3)\u00a0 Associaci\u00f3 Catalana d&#8217;Int\u00e8rprets de M\u00fasica Cl\u00e0ssica Escena.upart, S.L. Societat Catalana de Pediatria\u00a0 Rialles Espectacles Infantils i &#8230; <a title=\"Clientes\" class=\"read-more\" href=\"https:\/\/plateafilms.com\/ca\/clientes\/\" aria-label=\"M\u00e9s sobre Clientes\">Llegiu m\u00e9s<\/a><\/p>","protected":false},"author":1,"featured_media":0,"parent":0,"menu_order":0,"comment_status":"closed","ping_status":"closed","template":"elementor_header_footer","meta":{"footnotes":""},"categories":[],"class_list":["post-2669","page","type-page","status-publish"],"yoast_head":"<!-- This site is optimized with the Yoast SEO plugin v25.3 - https:\/\/yoast.com\/wordpress\/plugins\/seo\/ -->\n<title>Clientes - Platea Films<\/title>\n<meta name=\"robots\" content=\"index, follow, max-snippet:-1, max-image-preview:large, max-video-preview:-1\" \/>\n<link rel=\"canonical\" href=\"https:\/\/plateafilms.com\/ca\/clientes\/\" \/>\n<meta property=\"og:locale\" content=\"ca_ES\" \/>\n<meta property=\"og:type\" content=\"article\" \/>\n<meta property=\"og:title\" content=\"Clientes - Platea Films\" \/>\n<meta property=\"og:description\" content=\"Clientes Entidades que conf\u00edan en nosotros: Fundaci\u00f3 Orfe\u00f3 Catal\u00e0 Palau de la M\u00fasica Catalana RGB Music, S.L. Universitat Aut\u00f2noma de Barcelona (UAB) Associaci\u00f3 Joan Manen Columbia Artists Music LLC Corporaci\u00f3 Catalana de Mitjans Audiovisuals &#8211; Televisi\u00f3 de Catalunya (TV3)\u00a0 Associaci\u00f3 Catalana d&#8217;Int\u00e8rprets de M\u00fasica Cl\u00e0ssica Escena.upart, S.L. Societat Catalana de Pediatria\u00a0 Rialles Espectacles Infantils i ... Llegiu m\u00e9s\" \/>\n<meta property=\"og:url\" content=\"https:\/\/plateafilms.com\/ca\/clientes\/\" \/>\n<meta property=\"og:site_name\" content=\"Platea Films\" \/>\n<meta property=\"article:modified_time\" content=\"2025-08-23T16:19:24+00:00\" \/>\n<meta name=\"twitter:card\" content=\"summary_large_image\" \/>\n<meta name=\"twitter:label1\" content=\"Temps estimat de lectura\" \/>\n\t<meta name=\"twitter:data1\" content=\"1 minut\" \/>\n<script type=\"application\/ld+json\" class=\"yoast-schema-graph\">{\"@context\":\"https:\/\/schema.org\",\"@graph\":[{\"@type\":\"WebPage\",\"@id\":\"https:\/\/plateafilms.com\/clientes\/\",\"url\":\"https:\/\/plateafilms.com\/clientes\/\",\"name\":\"Clientes - Platea Films\",\"isPartOf\":{\"@id\":\"https:\/\/plateafilms.com\/#website\"},\"datePublished\":\"2021-03-03T17:02:45+00:00\",\"dateModified\":\"2025-08-23T16:19:24+00:00\",\"breadcrumb\":{\"@id\":\"https:\/\/plateafilms.com\/clientes\/#breadcrumb\"},\"inLanguage\":\"ca\",\"potentialAction\":[{\"@type\":\"ReadAction\",\"target\":[\"https:\/\/plateafilms.com\/clientes\/\"]}]},{\"@type\":\"BreadcrumbList\",\"@id\":\"https:\/\/plateafilms.com\/clientes\/#breadcrumb\",\"itemListElement\":[{\"@type\":\"ListItem\",\"position\":1,\"name\":\"Portada\",\"item\":\"https:\/\/plateafilms.com\/\"},{\"@type\":\"ListItem\",\"position\":2,\"name\":\"Clientes\"}]},{\"@type\":\"WebSite\",\"@id\":\"https:\/\/plateafilms.com\/#website\",\"url\":\"https:\/\/plateafilms.com\/\",\"name\":\"Platea Films\",\"description\":\"Producci\u00f3n audiovisual en Barcelona\",\"publisher\":{\"@id\":\"https:\/\/plateafilms.com\/#organization\"},\"potentialAction\":[{\"@type\":\"SearchAction\",\"target\":{\"@type\":\"EntryPoint\",\"urlTemplate\":\"https:\/\/plateafilms.com\/?s={search_term_string}\"},\"query-input\":{\"@type\":\"PropertyValueSpecification\",\"valueRequired\":true,\"valueName\":\"search_term_string\"}}],\"inLanguage\":\"ca\"},{\"@type\":\"Organization\",\"@id\":\"https:\/\/plateafilms.com\/#organization\",\"name\":\"Platea Films\",\"url\":\"https:\/\/plateafilms.com\/\",\"logo\":{\"@type\":\"ImageObject\",\"inLanguage\":\"ca\",\"@id\":\"https:\/\/plateafilms.com\/#\/schema\/logo\/image\/\",\"url\":\"https:\/\/plateafilms.com\/wp-content\/uploads\/2021\/07\/cropped-Captura-de-pantalla-2021-07-23-a-las-21.05.27.png\",\"contentUrl\":\"https:\/\/plateafilms.com\/wp-content\/uploads\/2021\/07\/cropped-Captura-de-pantalla-2021-07-23-a-las-21.05.27.png\",\"width\":777,\"height\":130,\"caption\":\"Platea Films\"},\"image\":{\"@id\":\"https:\/\/plateafilms.com\/#\/schema\/logo\/image\/\"}}]}<\/script>\n<!-- \/ Yoast SEO plugin. -->","yoast_head_json":{"title":"Clientes - Platea Films","robots":{"index":"index","follow":"follow","max-snippet":"max-snippet:-1","max-image-preview":"max-image-preview:large","max-video-preview":"max-video-preview:-1"},"canonical":"https:\/\/plateafilms.com\/ca\/clientes\/","og_locale":"ca_ES","og_type":"article","og_title":"Clientes - Platea Films","og_description":"Clientes Entidades que conf\u00edan en nosotros: Fundaci\u00f3 Orfe\u00f3 Catal\u00e0 Palau de la M\u00fasica Catalana RGB Music, S.L. Universitat Aut\u00f2noma de Barcelona (UAB) Associaci\u00f3 Joan Manen Columbia Artists Music LLC Corporaci\u00f3 Catalana de Mitjans Audiovisuals &#8211; Televisi\u00f3 de Catalunya (TV3)\u00a0 Associaci\u00f3 Catalana d&#8217;Int\u00e8rprets de M\u00fasica Cl\u00e0ssica Escena.upart, S.L. Societat Catalana de Pediatria\u00a0 Rialles Espectacles Infantils i ... Llegiu m\u00e9s","og_url":"https:\/\/plateafilms.com\/ca\/clientes\/","og_site_name":"Platea Films","article_modified_time":"2025-08-23T16:19:24+00:00","twitter_card":"summary_large_image","twitter_misc":{"Temps estimat de lectura":"1 minut"},"schema":{"@context":"https:\/\/schema.org","@graph":[{"@type":"WebPage","@id":"https:\/\/plateafilms.com\/clientes\/","url":"https:\/\/plateafilms.com\/clientes\/","name":"Clientes - Platea Films","isPartOf":{"@id":"https:\/\/plateafilms.com\/#website"},"datePublished":"2021-03-03T17:02:45+00:00","dateModified":"2025-08-23T16:19:24+00:00","breadcrumb":{"@id":"https:\/\/plateafilms.com\/clientes\/#breadcrumb"},"inLanguage":"ca","potentialAction":[{"@type":"ReadAction","target":["https:\/\/plateafilms.com\/clientes\/"]}]},{"@type":"BreadcrumbList","@id":"https:\/\/plateafilms.com\/clientes\/#breadcrumb","itemListElement":[{"@type":"ListItem","position":1,"name":"Portada","item":"https:\/\/plateafilms.com\/"},{"@type":"ListItem","position":2,"name":"Clientes"}]},{"@type":"WebSite","@id":"https:\/\/plateafilms.com\/#website","url":"https:\/\/plateafilms.com\/","name":"Platea Films","description":"Producci\u00f3n audiovisual en Barcelona","publisher":{"@id":"https:\/\/plateafilms.com\/#organization"},"potentialAction":[{"@type":"SearchAction","target":{"@type":"EntryPoint","urlTemplate":"https:\/\/plateafilms.com\/?s={search_term_string}"},"query-input":{"@type":"PropertyValueSpecification","valueRequired":true,"valueName":"search_term_string"}}],"inLanguage":"ca"},{"@type":"Organization","@id":"https:\/\/plateafilms.com\/#organization","name":"Platea Films","url":"https:\/\/plateafilms.com\/","logo":{"@type":"ImageObject","inLanguage":"ca","@id":"https:\/\/plateafilms.com\/#\/schema\/logo\/image\/","url":"https:\/\/plateafilms.com\/wp-content\/uploads\/2021\/07\/cropped-Captura-de-pantalla-2021-07-23-a-las-21.05.27.png","contentUrl":"https:\/\/plateafilms.com\/wp-content\/uploads\/2021\/07\/cropped-Captura-de-pantalla-2021-07-23-a-las-21.05.27.png","width":777,"height":130,"caption":"Platea Films"},"image":{"@id":"https:\/\/plateafilms.com\/#\/schema\/logo\/image\/"}}]}},"_links":{"self":[{"href":"https:\/\/plateafilms.com\/ca\/wp-json\/wp\/v2\/pages\/2669","targetHints":{"allow":["GET"]}}],"collection":[{"href":"https:\/\/plateafilms.com\/ca\/wp-json\/wp\/v2\/pages"}],"about":[{"href":"https:\/\/plateafilms.com\/ca\/wp-json\/wp\/v2\/types\/page"}],"author":[{"embeddable":true,"href":"https:\/\/plateafilms.com\/ca\/wp-json\/wp\/v2\/users\/1"}],"replies":[{"embeddable":true,"href":"https:\/\/plateafilms.com\/ca\/wp-json\/wp\/v2\/comments?post=2669"}],"version-history":[{"count":52,"href":"https:\/\/plateafilms.com\/ca\/wp-json\/wp\/v2\/pages\/2669\/revisions"}],"predecessor-version":[{"id":3820,"href":"https:\/\/plateafilms.com\/ca\/wp-json\/wp\/v2\/pages\/2669\/revisions\/3820"}],"wp:attachment":[{"href":"https:\/\/plateafilms.com\/ca\/wp-json\/wp\/v2\/media?parent=2669"}],"wp:term":[{"taxonomy":"category","embeddable":true,"href":"https:\/\/plateafilms.com\/ca\/wp-json\/wp\/v2\/categories?post=2669"}],"curies":[{"name":"wp","href":"https:\/\/api.w.org\/{rel}","templated":true}]}}