{"id":1893,"date":"2021-01-10T20:44:15","date_gmt":"2021-01-10T20:44:15","guid":{"rendered":"http:\/\/plateafilms.com\/?page_id=1893"},"modified":"2021-07-23T22:24:01","modified_gmt":"2021-07-23T22:24:01","slug":"configuracion-presupuesto","status":"publish","type":"page","link":"https:\/\/plateafilms.com\/ca\/configuracion-presupuesto\/","title":{"rendered":"Pol\u00edtica de Privacidad"},"content":{"rendered":"<div data-elementor-type=\"wp-page\" data-elementor-id=\"1893\" class=\"elementor elementor-1893\" data-elementor-settings=\"{&quot;ha_cmc_init_switcher&quot;:&quot;no&quot;}\" data-elementor-post-type=\"page\">\n\t\t\t\t\t\t<section class=\"elementor-section elementor-top-section elementor-element elementor-element-b275c1d elementor-section-boxed elementor-section-height-default elementor-section-height-default\" data-id=\"b275c1d\" data-element_type=\"section\" data-settings=\"{&quot;background_background&quot;:&quot;classic&quot;,&quot;_ha_eqh_enable&quot;:false}\">\n\t\t\t\t\t\t<div class=\"elementor-container elementor-column-gap-no\">\n\t\t\t\t\t<div class=\"elementor-column elementor-col-100 elementor-top-column elementor-element elementor-element-80c6f2d\" data-id=\"80c6f2d\" data-element_type=\"column\">\n\t\t\t<div class=\"elementor-widget-wrap elementor-element-populated\">\n\t\t\t\t\t\t<div class=\"elementor-element elementor-element-0f5bde7 elementor-widget elementor-widget-heading\" data-id=\"0f5bde7\" data-element_type=\"widget\" data-widget_type=\"heading.default\">\n\t\t\t\t<div class=\"elementor-widget-container\">\n\t\t\t\t\t<h4 class=\"elementor-heading-title elementor-size-default\">Pol\u00edtica de privacidad<\/h4>\t\t\t\t<\/div>\n\t\t\t\t<\/div>\n\t\t\t\t<div class=\"elementor-element elementor-element-18ca2f2 elementor-widget-divider--view-line elementor-widget elementor-widget-divider\" data-id=\"18ca2f2\" data-element_type=\"widget\" data-widget_type=\"divider.default\">\n\t\t\t\t<div class=\"elementor-widget-container\">\n\t\t\t\t\t\t\t<div class=\"elementor-divider\">\n\t\t\t<span class=\"elementor-divider-separator\">\n\t\t\t\t\t\t<\/span>\n\t\t<\/div>\n\t\t\t\t\t\t<\/div>\n\t\t\t\t<\/div>\n\t\t\t\t\t<\/div>\n\t\t<\/div>\n\t\t\t\t\t<\/div>\n\t\t<\/section>\n\t\t\t\t<section class=\"elementor-section elementor-top-section elementor-element elementor-element-b837661 elementor-section-boxed elementor-section-height-default elementor-section-height-default\" data-id=\"b837661\" data-element_type=\"section\" data-settings=\"{&quot;_ha_eqh_enable&quot;:false}\">\n\t\t\t\t\t\t<div class=\"elementor-container elementor-column-gap-default\">\n\t\t\t\t\t<div class=\"elementor-column elementor-col-100 elementor-top-column elementor-element elementor-element-4a14c62\" data-id=\"4a14c62\" data-element_type=\"column\">\n\t\t\t<div class=\"elementor-widget-wrap elementor-element-populated\">\n\t\t\t\t\t\t<div class=\"elementor-element elementor-element-ddc7b85 elementor-widget elementor-widget-text-editor\" data-id=\"ddc7b85\" data-element_type=\"widget\" data-widget_type=\"text-editor.default\">\n\t\t\t\t<div class=\"elementor-widget-container\">\n\t\t\t\t\t\t\t\t\t<p>En cumplimiento del Reglamento (UE) 2016\/679 del Parlamento Europeo y del Consejo de 27 de abril de 2016 le informamos que los datos de car\u00e1cter personal que se pudieran recabar directamente del interesado ser\u00e1n tratados de forma confidencial y quedar\u00e1n incorporados a la correspondiente actividad de tratamiento titularidad de GUILLEM MARTOS S\u00c1NCHEZ (PLATEA FILMS) con el fin de poderle prestar y ofrecer nuestros servicios.<\/p>\n<p><b>Responsable del tratamiento de tus datos personales<\/b><\/p>\n<p>Le informamos que el responsable del tratamiento de sus datos es GUILLEM MARTOS S\u00c1NCHEZ, NIF 46977759Y con direcci\u00f3n en c\/Rab\u00ed Rub\u00e9n n\u00ba14 2A, 08004 Barcelona.<\/p>\n<p><b>Principios que se aplican a su informaci\u00f3n personal<\/b><br>En el tratamiento de sus datos personales, se aplican los siguientes principios que se ajustan a las exigencias del nuevo reglamento europeo de protecci\u00f3n de datos:<\/p>\n<ul>\n<li>Principio de licitud, lealtad y transparencia:&nbsp;Siempre vamos a requerir su consentimiento para el tratamiento de sus datos personales para uno o varios fines espec\u00edficos que le informaremos previamente con absoluta transparencia.<\/li>\n<li>Principio de minimizaci\u00f3n de datos:&nbsp;Solo vamos a solicitar datos estrictamente necesarios en relaci\u00f3n con los fines para los que los requerimos. Los m\u00ednimos posibles.<\/li>\n<li>Principio de limitaci\u00f3n del plazo de conservaci\u00f3n:&nbsp;los datos ser\u00e1n mantenidos durante no m\u00e1s tiempo del necesario para los fines del tratamiento, en funci\u00f3n a la finalidad, le informaremos del plazo de conservaci\u00f3n correspondiente, en el caso de suscripciones, peri\u00f3dicamente revisamos nuestras listas y eliminamos aquellos registros inactivos durante un tiempo considerable.<\/li>\n<li>Principio de integridad y confidencialidad:&nbsp;Sus datos ser\u00e1n tratados de tal manera que se garantice una seguridad adecuada de los datos personales y se garantice confidencialidad. Debes saber que tomamos todas las precauciones necesarias para evitar el acceso no autorizado o uso indebido de los datos de usuarios por parte de terceros.<\/li>\n<\/ul>\n<p><b style=\"font-family: var( --e-global-typography-text-font-family ), Sans-serif;\"><br><\/b><\/p>\n<p><b style=\"font-family: var( --e-global-typography-text-font-family ), Sans-serif;\">\u00bfC\u00f3mo se obtienen sus datos?<\/b><br><\/p>\n<p>Los datos personales que trato en www.plateafilms.com proceden de:<\/p>\n<p>Formulario de subscripci\u00f3n<\/p>\n<p><b>\u00bfCu\u00e1les son sus derechos cuando facilita sus datos?<\/b><\/p>\n<p>Cualquier persona tiene derecho a obtener confirmaci\u00f3n sobre si GUILLEM MARTOS S\u00c1NCHEZ (PLATEA FILMS) est\u00e1 tratando datos personales que le conciernen, o no.<\/p>\n<p>Las personas interesadas tienen derecho a:<\/p>\n<ul>\n<li>Solicitar el acceso a los datos personales relativos al interesado<\/li>\n<li>Solicitar su rectificaci\u00f3n o supresi\u00f3n<\/li>\n<li>Solicitar la limitaci\u00f3n de su tratamiento<\/li>\n<li>Oponerse al tratamiento<\/li>\n<li>Solicitar la portabilidad de los datos<\/li>\n<\/ul>\n<p>Los interesados podr\u00e1n acceder a sus datos personales, as\u00ed como a solicitar la rectificaci\u00f3n de los datos inexactos o, en su caso, solicitar su supresi\u00f3n cuando, entre otros motivos, los datos ya no sean necesarios para los fines que fueron recogidos. En determinadas circunstancias, los interesados podr\u00e1n solicitar la limitaci\u00f3n del tratamiento de sus datos, en cuyo caso \u00fanicamente los conservaremos para el ejercicio o la defensa de reclamaciones.<\/p>\n<p>En determinadas circunstancias y por motivos relacionados con su situaci\u00f3n particular, los interesados podr\u00e1n oponerse al tratamiento de sus datos. GUILLEM MARTOS S\u00c1NCHEZ (PLATEA FILMS) dejar\u00e1 de tratar los datos, salvo por motivos leg\u00edtimos imperiosos, o el ejercicio o la defensa de posibles reclamaciones. C\u00f3mo interesado, tiene derecho a recibir los datos personales que le incumban, que nos haya facilitado y en un formato estructurado, de uso com\u00fan y lectura mec\u00e1nica, y a transmitirlos a otro responsable del tratamiento cuando:<\/p>\n<ul>\n<li>El tratamiento est\u00e9 basado en el consentimiento<\/li>\n<li>Los datos hayan sido facilitados por la persona interesada.<\/li>\n<li>El tratamiento se efect\u00fae por medios automatizados.<\/li>\n<\/ul>\n<p>Al ejercer su derecho a la portabilidad de los datos, tendr\u00e1 derecho a que los datos personales se transmitan directamente de responsable a responsable cuando sea t\u00e9cnicamente posible.<br>Los interesados tambi\u00e9n tendr\u00e1n derecho a la tutela judicial efectiva y a presentar una reclamaci\u00f3n ante la autoridad de control, en este caso, la Agencia Espa\u00f1ola de Protecci\u00f3n de Datos, si consideran que el tratamiento de datos personales que le conciernen infringe el Reglamento.<\/p>\n<p>En caso necesario, deberan dirigir su petici\u00f3n en c\/ Rab\u00ed Rub\u00e9n 14, 2A, 08004 Barcelona, o bien, enviar un correo electr\u00f3nico a info@plateafilms.com<\/p>\n<p>\u00bf<b>Con qu\u00e9 finalidad son tratados sus datos personales?<\/b><\/p>\n<p>GUILLEM MARTOS S\u00c1NCHEZ \/ www.plateafilms.com no utiliza cookies para recoger informaci\u00f3n de los usuarios, ni registra las direcciones IP de acceso. \u00danicamente se utilizan cookies propias, de sesi\u00f3n, con finalidad t\u00e9cnica (aquellas que permiten al usuario la navegaci\u00f3n a trav\u00e9s del sitio web y la utilizaci\u00f3n de las diferentes opciones y servicios que en ella existen).<\/p>\n<p><b>Env\u00edo de mensajes de correo electr\u00f3nico a efectos de contacto<\/b><\/p>\n<p>Los usuarios pueden enviar mensajes de correo electr\u00f3nico con el fin de contactar con GUILLEM MARTOS S\u00c1NCHEZ (PLATEA FILMS). Los usuarios pueden preguntar dudas acerca de los contenidos publicados en el blog, enviar sugerencias o cualquier otra finalidad.<br>Para este fin GUILLEM MARTOS S\u00c1NCHEZ (PLATEA FILMS) emplea el sistema de e-mail de su propio hosting contratado. Los mensajes de los usuarios con este prop\u00f3sito quedan almacenados en la cuenta de correo electr\u00f3nico situado en el hosting contratado por GUILLE MARTOS S\u00c1NCHEZ y los datos correspondientes (e-mail y nombre) bajo la pol\u00edtica de privacidad de dicho hosting (Raiola Networks).<\/p>\n<p>Los datos almacenados en el servidor de correo, ni se ceden ni se comparten con nadie; y puedes ejercer tus derechos legales, seg\u00fan se especifica en esta pol\u00edtica de privacidad.<\/p>\n<p><b>Legitimaci\u00f3n para el tratamiento de tus datos<\/b><\/p>\n<p>La base legal para el tratamiento de sus datos es: el consentimiento.<br>Para contactar o realizar comentarios en esta web se requiere el consentimiento con esta pol\u00edtica de privacidad.<br>La oferta prospectiva o comercial de productos y servicios est\u00e1 basada en el consentimiento que se le solicita, sin que en ning\u00fan caso la retirada de este consentimiento condicione la ejecuci\u00f3n del contrato de suscripci\u00f3n.<\/p>\n<p><b>Categor\u00eda de datos<\/b><\/p>\n<p>Las categor\u00edas de datos que se tratan son datos identificativos.<br>No se tratan categor\u00edas de datos especialmente protegidos.<\/p>\n<p><b>Conservaci\u00f3n de sus datos<\/b><\/p>\n<p>Los datos personales proporcionados se conservar\u00e1n durante el tiempo necesario para cumplir con la finalidad para la que se recaban y para determinar las posibles responsabilidades que se pudieran derivar de la finalidad.<\/p>\n<p><b>\u00bfA qu\u00e9 destinatarios se comunicar\u00e1n sus datos?<\/b><\/p>\n<p>Para prestar servicios estrictamente necesarios para el desarrollo de la actividad, http:\/\/www.blogpocket.com, comparte datos con los siguientes prestadores bajo sus correspondientes condiciones de privacidad:<\/p>\n<ul>\n<li>Google Analytics:&nbsp;un servicio anal\u00edtico de web prestado por Google, Inc., una compa\u00f1\u00eda de Delaware cuya oficina principal est\u00e1 en 1600 Amphitheatre Parkway, Mountain View (California), CA 94043, Estados Unidos (\u201cGoogle\u201d). Google Analytics utiliza \u201ccookies\u201d, que son archivos de texto ubicados en su ordenador, para ayudar a misswasabi.com a analizar el uso que hacen los usuarios del sitio web. La informaci\u00f3n que genera la cookie acerca de su uso de misswasabi.com ser\u00e1 directamente transmitida y archivada por Google en los servidores de Estados Unidos. La direcci\u00f3n IP es anonimizada, por lo que no ser\u00e1 recopilada por Google.<\/li>\n<\/ul>\n<ul>\n<li>Raiola Networks:&nbsp;Raiola Networks SL., con C.I.F. B27453489 y con domicilio en Avenida&nbsp;de Magoi, 66, Semis\u00f3tano Derecha, C.P. 27002 Lugo, es un proveedor de hosting, donde GUILLEM MARTOS S\u00c1NCHEZ (www.plateafilms.com) alberga sus cuentas de correo electr\u00f3nico. M\u00e1s informaci\u00f3n en: https:\/\/raiolanetworks.es\/. Raiola Networks S.L., trata los datos con la finalidad de realizar sus servicios de hosting a GUILLEM MARTOS S\u00c1NCHEZ, sujeto a la pol\u00edtica de privacidad declarada en:&nbsp;https:\/\/raiolanetworks.es\/aviso-legal\/<\/li>\n<\/ul>\n<p><b>Exactitud y veracidad de los datos<\/b><\/p>\n<p>Como usuario, usted \u00e9s el \u00fanico responsable de la veracidad y correcci\u00f3n de los datos que remita a www.plateafilms.com ,exonerando a GUILLEM MARTOS S\u00c1NCHEZ, de cualquier responsabilidad al respecto.<\/p>\n<p><br>Los usuarios garantizan y responden, en cualquier caso, de la exactitud, vigencia y autenticidad de los datos personales facilitados, y se comprometen a mantenerlos debidamente actualizados. El usuario acepta proporcionar informaci\u00f3n completa y correcta en el formulario de contacto o suscripci\u00f3n.<\/p>\n<p><b>Aceptaci\u00f3n y consentimiento<\/b><\/p>\n<p>Mediante la aceptaci\u00f3n de esta pol\u00edtica, el usuario acepta y autoriza que sus datos personales sean objeto de tratamiento automatizado por parte de GUILLEM MARTOS S\u00c1NCHEZ (PLATEA FILMS). En caso que Ud. incluya en los formularios de esta web, datos de car\u00e1cter personal titularidad de terceras personas deber\u00e1, con car\u00e1cter previo a su inclusi\u00f3n, obtener su consentimiento e informarle de los extremos contenidos en esta pol\u00edtica de privacidad.<\/p>\n<p><b>Revocabilidad<\/b><\/p>\n<p>El consentimiento prestado, tanto para el tratamiento como para la cesi\u00f3n de los datos de los interesados, es revocable en cualquier momento comunic\u00e1ndolo a GUILLEM MARTOS S\u00c1NCHEZ (PLATEA FILMS) en los t\u00e9rminos establecidos en esta Pol\u00edtica para el ejercicio de los derechos ARCO. Esta revocaci\u00f3n en ning\u00fan caso tendr\u00e1 car\u00e1cter retroactivo.<\/p>\n<p><b>Cambios en la pol\u00edtica de privacidad<\/b><\/p>\n<p>GUILLEM MARTOS S\u00c1NCHEZ se reserva el derecho a modificar la presente pol\u00edtica para adaptarla a novedades legislativas o jurisprudenciales, as\u00ed como a pr\u00e1cticas de la industria. En dichos supuestos, GUILLEM MARTOS S\u00c1NCHEZ anunciar\u00e1 en esta p\u00e1gina los cambios introducidos con razonable antelaci\u00f3n a su puesta en pr\u00e1ctica.<\/p>\n<p><b>Correos comerciales<\/b><\/p>\n<p>De acuerdo con la LSSICE, www.plateafilms.com no realiza pr\u00e1cticas de SPAM, por lo que no env\u00eda correos comerciales por v\u00eda electr\u00f3nica que no hayan sido previamente solicitados o autorizados por el usuario. En consecuencia, en cada uno de los formularios habidos en la web, el usuario tiene la posibilidad de dar su consentimiento expreso para recibir el bolet\u00edn, con independencia de la informaci\u00f3n comercial puntualmente solicitada.<\/p>\n<p><br>Conforme a lo dispuesto en la Ley 34\/2002 de Servicios de la Sociedad de la Informaci\u00f3n y de comercio electr\u00f3nico, http:\/\/www.misswasabi.com se compromete a no enviar comunicaciones de car\u00e1cter comercial sin identificarlas debidamente.<\/p>\n<p><i><br><\/i><\/p>\n<p><i>\u00daltima revisi\u00f3n: 26-04-2019.<\/i><\/p>\t\t\t\t\t\t\t\t<\/div>\n\t\t\t\t<\/div>\n\t\t\t\t\t<\/div>\n\t\t<\/div>\n\t\t\t\t\t<\/div>\n\t\t<\/section>\n\t\t\t\t<\/div>","protected":false},"excerpt":{"rendered":"<p>Pol\u00edtica de privacidad En cumplimiento del Reglamento (UE) 2016\/679 del Parlamento Europeo y del Consejo de 27 de abril de 2016 le informamos que los datos de car\u00e1cter personal que se pudieran recabar directamente del interesado ser\u00e1n tratados de forma confidencial y quedar\u00e1n incorporados a la correspondiente actividad de tratamiento titularidad de GUILLEM MARTOS S\u00c1NCHEZ &#8230; <a title=\"Pol\u00edtica de Privacidad\" class=\"read-more\" href=\"https:\/\/plateafilms.com\/ca\/configuracion-presupuesto\/\" aria-label=\"M\u00e9s sobre Pol\u00edtica de Privacidad\">Llegiu m\u00e9s<\/a><\/p>","protected":false},"author":1,"featured_media":0,"parent":0,"menu_order":0,"comment_status":"closed","ping_status":"closed","template":"elementor_header_footer","meta":{"footnotes":""},"categories":[],"class_list":["post-1893","page","type-page","status-publish"],"yoast_head":"<!-- This site is optimized with the Yoast SEO plugin v25.3 - https:\/\/yoast.com\/wordpress\/plugins\/seo\/ -->\n<title>Pol\u00edtica de Privacidad - Platea Films<\/title>\n<meta name=\"robots\" content=\"noindex, nofollow\" \/>\n<meta property=\"og:locale\" content=\"ca_ES\" \/>\n<meta property=\"og:type\" content=\"article\" \/>\n<meta property=\"og:title\" content=\"Pol\u00edtica de Privacidad - Platea Films\" \/>\n<meta property=\"og:description\" content=\"Pol\u00edtica de privacidad En cumplimiento del Reglamento (UE) 2016\/679 del Parlamento Europeo y del Consejo de 27 de abril de 2016 le informamos que los datos de car\u00e1cter personal que se pudieran recabar directamente del interesado ser\u00e1n tratados de forma confidencial y quedar\u00e1n incorporados a la correspondiente actividad de tratamiento titularidad de GUILLEM MARTOS S\u00c1NCHEZ ... Llegiu m\u00e9s\" \/>\n<meta property=\"og:url\" content=\"https:\/\/plateafilms.com\/ca\/configuracion-presupuesto\/\" \/>\n<meta property=\"og:site_name\" content=\"Platea Films\" \/>\n<meta property=\"article:modified_time\" content=\"2021-07-23T22:24:01+00:00\" \/>\n<meta name=\"twitter:card\" content=\"summary_large_image\" \/>\n<meta name=\"twitter:label1\" content=\"Temps estimat de lectura\" \/>\n\t<meta name=\"twitter:data1\" content=\"7 minuts\" \/>\n<script type=\"application\/ld+json\" class=\"yoast-schema-graph\">{\"@context\":\"https:\/\/schema.org\",\"@graph\":[{\"@type\":\"WebPage\",\"@id\":\"https:\/\/plateafilms.com\/configuracion-presupuesto\/\",\"url\":\"https:\/\/plateafilms.com\/configuracion-presupuesto\/\",\"name\":\"Pol\u00edtica de Privacidad - Platea Films\",\"isPartOf\":{\"@id\":\"https:\/\/plateafilms.com\/#website\"},\"datePublished\":\"2021-01-10T20:44:15+00:00\",\"dateModified\":\"2021-07-23T22:24:01+00:00\",\"breadcrumb\":{\"@id\":\"https:\/\/plateafilms.com\/configuracion-presupuesto\/#breadcrumb\"},\"inLanguage\":\"ca\",\"potentialAction\":[{\"@type\":\"ReadAction\",\"target\":[\"https:\/\/plateafilms.com\/configuracion-presupuesto\/\"]}]},{\"@type\":\"BreadcrumbList\",\"@id\":\"https:\/\/plateafilms.com\/configuracion-presupuesto\/#breadcrumb\",\"itemListElement\":[{\"@type\":\"ListItem\",\"position\":1,\"name\":\"Portada\",\"item\":\"https:\/\/plateafilms.com\/\"},{\"@type\":\"ListItem\",\"position\":2,\"name\":\"Pol\u00edtica de Privacidad\"}]},{\"@type\":\"WebSite\",\"@id\":\"https:\/\/plateafilms.com\/#website\",\"url\":\"https:\/\/plateafilms.com\/\",\"name\":\"Platea Films\",\"description\":\"Producci\u00f3n audiovisual en Barcelona\",\"publisher\":{\"@id\":\"https:\/\/plateafilms.com\/#organization\"},\"potentialAction\":[{\"@type\":\"SearchAction\",\"target\":{\"@type\":\"EntryPoint\",\"urlTemplate\":\"https:\/\/plateafilms.com\/?s={search_term_string}\"},\"query-input\":{\"@type\":\"PropertyValueSpecification\",\"valueRequired\":true,\"valueName\":\"search_term_string\"}}],\"inLanguage\":\"ca\"},{\"@type\":\"Organization\",\"@id\":\"https:\/\/plateafilms.com\/#organization\",\"name\":\"Platea Films\",\"url\":\"https:\/\/plateafilms.com\/\",\"logo\":{\"@type\":\"ImageObject\",\"inLanguage\":\"ca\",\"@id\":\"https:\/\/plateafilms.com\/#\/schema\/logo\/image\/\",\"url\":\"https:\/\/plateafilms.com\/wp-content\/uploads\/2021\/07\/cropped-Captura-de-pantalla-2021-07-23-a-las-21.05.27.png\",\"contentUrl\":\"https:\/\/plateafilms.com\/wp-content\/uploads\/2021\/07\/cropped-Captura-de-pantalla-2021-07-23-a-las-21.05.27.png\",\"width\":777,\"height\":130,\"caption\":\"Platea Films\"},\"image\":{\"@id\":\"https:\/\/plateafilms.com\/#\/schema\/logo\/image\/\"}}]}<\/script>\n<!-- \/ Yoast SEO plugin. -->","yoast_head_json":{"title":"Pol\u00edtica de Privacidad - Platea Films","robots":{"index":"noindex","follow":"nofollow"},"og_locale":"ca_ES","og_type":"article","og_title":"Pol\u00edtica de Privacidad - Platea Films","og_description":"Pol\u00edtica de privacidad En cumplimiento del Reglamento (UE) 2016\/679 del Parlamento Europeo y del Consejo de 27 de abril de 2016 le informamos que los datos de car\u00e1cter personal que se pudieran recabar directamente del interesado ser\u00e1n tratados de forma confidencial y quedar\u00e1n incorporados a la correspondiente actividad de tratamiento titularidad de GUILLEM MARTOS S\u00c1NCHEZ ... Llegiu m\u00e9s","og_url":"https:\/\/plateafilms.com\/ca\/configuracion-presupuesto\/","og_site_name":"Platea Films","article_modified_time":"2021-07-23T22:24:01+00:00","twitter_card":"summary_large_image","twitter_misc":{"Temps estimat de lectura":"7 minuts"},"schema":{"@context":"https:\/\/schema.org","@graph":[{"@type":"WebPage","@id":"https:\/\/plateafilms.com\/configuracion-presupuesto\/","url":"https:\/\/plateafilms.com\/configuracion-presupuesto\/","name":"Pol\u00edtica de Privacidad - Platea Films","isPartOf":{"@id":"https:\/\/plateafilms.com\/#website"},"datePublished":"2021-01-10T20:44:15+00:00","dateModified":"2021-07-23T22:24:01+00:00","breadcrumb":{"@id":"https:\/\/plateafilms.com\/configuracion-presupuesto\/#breadcrumb"},"inLanguage":"ca","potentialAction":[{"@type":"ReadAction","target":["https:\/\/plateafilms.com\/configuracion-presupuesto\/"]}]},{"@type":"BreadcrumbList","@id":"https:\/\/plateafilms.com\/configuracion-presupuesto\/#breadcrumb","itemListElement":[{"@type":"ListItem","position":1,"name":"Portada","item":"https:\/\/plateafilms.com\/"},{"@type":"ListItem","position":2,"name":"Pol\u00edtica de Privacidad"}]},{"@type":"WebSite","@id":"https:\/\/plateafilms.com\/#website","url":"https:\/\/plateafilms.com\/","name":"Platea Films","description":"Producci\u00f3n audiovisual en Barcelona","publisher":{"@id":"https:\/\/plateafilms.com\/#organization"},"potentialAction":[{"@type":"SearchAction","target":{"@type":"EntryPoint","urlTemplate":"https:\/\/plateafilms.com\/?s={search_term_string}"},"query-input":{"@type":"PropertyValueSpecification","valueRequired":true,"valueName":"search_term_string"}}],"inLanguage":"ca"},{"@type":"Organization","@id":"https:\/\/plateafilms.com\/#organization","name":"Platea Films","url":"https:\/\/plateafilms.com\/","logo":{"@type":"ImageObject","inLanguage":"ca","@id":"https:\/\/plateafilms.com\/#\/schema\/logo\/image\/","url":"https:\/\/plateafilms.com\/wp-content\/uploads\/2021\/07\/cropped-Captura-de-pantalla-2021-07-23-a-las-21.05.27.png","contentUrl":"https:\/\/plateafilms.com\/wp-content\/uploads\/2021\/07\/cropped-Captura-de-pantalla-2021-07-23-a-las-21.05.27.png","width":777,"height":130,"caption":"Platea Films"},"image":{"@id":"https:\/\/plateafilms.com\/#\/schema\/logo\/image\/"}}]}},"_links":{"self":[{"href":"https:\/\/plateafilms.com\/ca\/wp-json\/wp\/v2\/pages\/1893","targetHints":{"allow":["GET"]}}],"collection":[{"href":"https:\/\/plateafilms.com\/ca\/wp-json\/wp\/v2\/pages"}],"about":[{"href":"https:\/\/plateafilms.com\/ca\/wp-json\/wp\/v2\/types\/page"}],"author":[{"embeddable":true,"href":"https:\/\/plateafilms.com\/ca\/wp-json\/wp\/v2\/users\/1"}],"replies":[{"embeddable":true,"href":"https:\/\/plateafilms.com\/ca\/wp-json\/wp\/v2\/comments?post=1893"}],"version-history":[{"count":63,"href":"https:\/\/plateafilms.com\/ca\/wp-json\/wp\/v2\/pages\/1893\/revisions"}],"predecessor-version":[{"id":2899,"href":"https:\/\/plateafilms.com\/ca\/wp-json\/wp\/v2\/pages\/1893\/revisions\/2899"}],"wp:attachment":[{"href":"https:\/\/plateafilms.com\/ca\/wp-json\/wp\/v2\/media?parent=1893"}],"wp:term":[{"taxonomy":"category","embeddable":true,"href":"https:\/\/plateafilms.com\/ca\/wp-json\/wp\/v2\/categories?post=1893"}],"curies":[{"name":"wp","href":"https:\/\/api.w.org\/{rel}","templated":true}]}}